{"id":5356,"date":"2021-10-25T09:15:26","date_gmt":"2021-10-25T09:15:26","guid":{"rendered":"https:\/\/tienda.celea.es\/?post_type=product&#038;p=5356"},"modified":"2023-07-27T11:24:27","modified_gmt":"2023-07-27T11:24:27","slug":"d-h-acuater-althea-b-5lts-limp-hig-amonios","status":"publish","type":"product","link":"https:\/\/tienda.celea.es\/en\/producto\/d-h-acuater-althea-b-5lts-limp-hig-amonios\/","title":{"rendered":"D.H ACUATER ALTHEA B\/5LTS Limp. hig. amonios"},"content":{"rendered":"<div class=\"face-campo-sup campos-centro\"><span class=\"face-campos-centro\"><strong>Color:<\/strong> <\/span>Azul<\/div>\n<div class=\"face-campo-sup campos-centro\"><span class=\"face-campos-centro\"><strong>Composici\u00f3n:<\/strong> <\/span>Alcohol isoprop\u00edlico, hidr\u00f3xido s\u00f3dico, tensioactivos no i\u00f3nicos<\/div>\n<div class=\"face-campo-sup campos-centro\"><strong><span class=\"face-campos-centro\">Formato: <\/span><\/strong>5L<\/div>\n<div class=\"face-campo-sup campos-centro\"><span class=\"face-campos-centro\"><strong>Olor:<\/strong> <\/span>Balsamico<\/div>\n<div class=\"face-campo-sup campos-centro\"><span class=\"face-campos-centro\"><strong>Aspecto:<\/strong> <\/span>L\u00edquido<\/div>\n<div class=\"face-campo-sup campos-centro\"><span class=\"face-campos-centro\"><strong>Valor pH:<\/strong> <\/span>8<\/div>\n<div class=\"face-campo-sup campos-centro\"><strong><span class=\"face-campos-centro\">Tap\u00f3n: <\/span><\/strong>Dosificador<\/div>\n<div class=\"face-campo-sup campos-centro\"><span class=\"face-campos-centro\"><strong>Dosificaci\u00f3n:<\/strong> <\/span>50-100ml en agua<\/div>\n","protected":false},"excerpt":{"rendered":"<p>Celea\u00ae Althea<br \/>\nLimpiador de acci\u00f3n higiene total aplicable sobre cualquier tipo de superficie lavable. Su uso est\u00e1 especialmente indicado en hospitales, centros deportivos, industria alimentaria, y en general, en todas aquellas instalaciones en las que se requiera un elevado nivel de higienizaci\u00f3n.<\/p>\n","protected":false},"featured_media":5646,"template":"","meta":[],"product_cat":[160],"product_tag":[],"class_list":["post-5356","product","type-product","status-publish","has-post-thumbnail","hentry","product_cat-limpiadores-accion-higiene-total-althea"],"_links":{"self":[{"href":"https:\/\/tienda.celea.es\/en\/wp-json\/wp\/v2\/product\/5356","targetHints":{"allow":["GET"]}}],"collection":[{"href":"https:\/\/tienda.celea.es\/en\/wp-json\/wp\/v2\/product"}],"about":[{"href":"https:\/\/tienda.celea.es\/en\/wp-json\/wp\/v2\/types\/product"}],"wp:featuredmedia":[{"embeddable":true,"href":"https:\/\/tienda.celea.es\/en\/wp-json\/wp\/v2\/media\/5646"}],"wp:attachment":[{"href":"https:\/\/tienda.celea.es\/en\/wp-json\/wp\/v2\/media?parent=5356"}],"wp:term":[{"taxonomy":"product_cat","embeddable":true,"href":"https:\/\/tienda.celea.es\/en\/wp-json\/wp\/v2\/product_cat?post=5356"},{"taxonomy":"product_tag","embeddable":true,"href":"https:\/\/tienda.celea.es\/en\/wp-json\/wp\/v2\/product_tag?post=5356"}],"curies":[{"name":"wp","href":"https:\/\/api.w.org\/{rel}","templated":true}]}}