{"id":5338,"date":"2021-10-25T09:15:17","date_gmt":"2021-10-25T09:15:17","guid":{"rendered":"https:\/\/tienda.celea.es\/?post_type=product&#038;p=5338"},"modified":"2023-03-05T09:08:35","modified_gmt":"2023-03-05T09:08:35","slug":"ambientador-lavanda-althea-b-1lt","status":"publish","type":"product","link":"https:\/\/tienda.celea.es\/en\/producto\/ambientador-lavanda-althea-b-1lt\/","title":{"rendered":"AMBIENTADOR LAVANDA ALTHEA B\/1LT"},"content":{"rendered":"<div class=\"face-campo-sup campos-centro\"><span class=\"face-campos-centro\"><strong>Color:<\/strong> <\/span>Amarillo claro<\/div>\n<div class=\"face-campo-sup campos-centro\"><span class=\"face-campos-centro\"><strong>Composici\u00f3n:<\/strong> <\/span>Perfume<\/div>\n<div class=\"face-campo-sup campos-centro\"><strong>Formato:<\/strong> 1L<\/div>\n<div class=\"face-campo-sup campos-centro\"><span class=\"face-campos-centro\"><strong>Olor:<\/strong> <\/span>Lavanda<\/div>\n<div class=\"face-campo-sup campos-centro\"><span class=\"face-campos-centro\"><strong>Aspecto:<\/strong> <\/span>L\u00edquido<\/div>\n<div class=\"face-campo-sup campos-centro\"><strong><span class=\"face-campos-centro\">Valor pH: <\/span><\/strong>8<\/div>\n<div class=\"face-campo-sup campos-centro\"><span class=\"face-campos-centro\"><strong>Tap\u00f3n:<\/strong> <\/span>Dosificador<\/div>\n<div class=\"face-campo-sup campos-centro\"><span class=\"face-campos-centro\"><strong>Dosificaci\u00f3n:<\/strong> <\/span>Pulverizar puro<\/div>\n","protected":false},"excerpt":{"rendered":"<p>Celea\u00ae Althea<br \/>\nL\u00edquido ambientador elaborado con las esencias naturales de mayor calidad. Su formulaci\u00f3n est\u00e1 ideada para eliminar los problemas de malos olores en ambientes muy cargados, renovando los mismos dejando un fresco y agradable perfume<\/p>\n","protected":false},"featured_media":5658,"template":"","meta":[],"product_cat":[158],"product_tag":[],"class_list":["post-5338","product","type-product","status-publish","has-post-thumbnail","hentry","product_cat-ambientadores-althea"],"_links":{"self":[{"href":"https:\/\/tienda.celea.es\/en\/wp-json\/wp\/v2\/product\/5338","targetHints":{"allow":["GET"]}}],"collection":[{"href":"https:\/\/tienda.celea.es\/en\/wp-json\/wp\/v2\/product"}],"about":[{"href":"https:\/\/tienda.celea.es\/en\/wp-json\/wp\/v2\/types\/product"}],"wp:featuredmedia":[{"embeddable":true,"href":"https:\/\/tienda.celea.es\/en\/wp-json\/wp\/v2\/media\/5658"}],"wp:attachment":[{"href":"https:\/\/tienda.celea.es\/en\/wp-json\/wp\/v2\/media?parent=5338"}],"wp:term":[{"taxonomy":"product_cat","embeddable":true,"href":"https:\/\/tienda.celea.es\/en\/wp-json\/wp\/v2\/product_cat?post=5338"},{"taxonomy":"product_tag","embeddable":true,"href":"https:\/\/tienda.celea.es\/en\/wp-json\/wp\/v2\/product_tag?post=5338"}],"curies":[{"name":"wp","href":"https:\/\/api.w.org\/{rel}","templated":true}]}}