{"id":5332,"date":"2021-10-25T09:15:16","date_gmt":"2021-10-25T09:15:16","guid":{"rendered":"https:\/\/tienda.celea.es\/?post_type=product&#038;p=5332"},"modified":"2023-03-05T09:09:30","modified_gmt":"2023-03-05T09:09:30","slug":"althea-amb-brisa-marina-spray-b-075lts","status":"publish","type":"product","link":"https:\/\/tienda.celea.es\/en\/producto\/althea-amb-brisa-marina-spray-b-075lts\/","title":{"rendered":"ALTHEA AMB. BRISA MARINA SPRAY B\/0,75LTS"},"content":{"rendered":"<div class=\"face-campo-sup campos-centro\"><strong><span class=\"face-campos-centro\">Composici\u00f3n: <\/span><\/strong>Hidrocarburos alifaticos<\/div>\n<div class=\"face-campo-sup campos-centro\"><strong>Formato:<\/strong> 750ml<\/div>\n<div class=\"face-campo-sup campos-centro\"><span class=\"face-campos-centro\"><strong>Olor:<\/strong> <\/span>Notas oz\u00f3nicas<\/p>\n<div class=\"face-campo-sup campos-centro\"><span class=\"face-campos-centro\"><strong>Aspecto:<\/strong> Aerosol<\/span><\/div>\n<div class=\"face-campo-sup campos-centro\"><span class=\"face-campos-centro\"><strong>Valor pH:<\/strong> 6-8<\/span><\/div>\n<div class=\"face-campo-sup campos-centro\"><span class=\"face-campos-centro\"><strong>Tap\u00f3n:<\/strong> Spray<\/span><\/div>\n<\/div>\n","protected":false},"excerpt":{"rendered":"<p>Celea\u00ae Althea<br \/>\nLas notas oz\u00f3nicas y c\u00edtricas de esta fragancia ofrecen una agradable sensaci\u00f3n de libertad, evocando en t\u00ed, el mar y su brisa marina. Ambienta, reduce los malos olores y estimula tus sentidos.<\/p>\n","protected":false},"featured_media":5810,"template":"","meta":[],"product_cat":[158],"product_tag":[],"class_list":["post-5332","product","type-product","status-publish","has-post-thumbnail","hentry","product_cat-ambientadores-althea"],"_links":{"self":[{"href":"https:\/\/tienda.celea.es\/en\/wp-json\/wp\/v2\/product\/5332","targetHints":{"allow":["GET"]}}],"collection":[{"href":"https:\/\/tienda.celea.es\/en\/wp-json\/wp\/v2\/product"}],"about":[{"href":"https:\/\/tienda.celea.es\/en\/wp-json\/wp\/v2\/types\/product"}],"wp:featuredmedia":[{"embeddable":true,"href":"https:\/\/tienda.celea.es\/en\/wp-json\/wp\/v2\/media\/5810"}],"wp:attachment":[{"href":"https:\/\/tienda.celea.es\/en\/wp-json\/wp\/v2\/media?parent=5332"}],"wp:term":[{"taxonomy":"product_cat","embeddable":true,"href":"https:\/\/tienda.celea.es\/en\/wp-json\/wp\/v2\/product_cat?post=5332"},{"taxonomy":"product_tag","embeddable":true,"href":"https:\/\/tienda.celea.es\/en\/wp-json\/wp\/v2\/product_tag?post=5332"}],"curies":[{"name":"wp","href":"https:\/\/api.w.org\/{rel}","templated":true}]}}