{"id":5331,"date":"2021-10-25T09:15:16","date_gmt":"2021-10-25T09:15:16","guid":{"rendered":"https:\/\/tienda.celea.es\/?post_type=product&#038;p=5331"},"modified":"2023-03-05T08:56:22","modified_gmt":"2023-03-05T08:56:22","slug":"nemo-soft-b-5kgs-suavizante-neutral-alcal","status":"publish","type":"product","link":"https:\/\/tienda.celea.es\/en\/producto\/nemo-soft-b-5kgs-suavizante-neutral-alcal\/","title":{"rendered":"NEMO SOFT B\/5KGS Suavizante neutral. alcal."},"content":{"rendered":"<div class=\"face-campo-sup campos-centro\"><span class=\"face-campos-centro\"><strong>Color:<\/strong> <\/span>Blanco<\/div>\n<div class=\"face-campo-sup campos-centro\"><span class=\"face-campos-centro\"><strong>Composici\u00f3n:<\/strong> <\/span>Tensioactivos cati\u00f3nicos<\/div>\n<div class=\"face-campo-sup campos-centro\"><strong>Formato:<\/strong> 5 Kg<\/div>\n<div class=\"face-campo-sup campos-centro\"><span class=\"face-campos-centro\"><strong>Olor:<\/strong> <\/span>Propio<\/div>\n<div class=\"face-campo-sup campos-centro\"><strong><span class=\"face-campos-centro\">Aspecto: <\/span><\/strong>L\u00edquido<\/div>\n<div class=\"face-campo-sup campos-centro\"><strong><span class=\"face-campos-centro\">Valor pH: <\/span><\/strong>4<\/div>\n<div class=\"face-campo-sup campos-centro\"><span class=\"face-campos-centro\"><strong>Tap\u00f3n:<\/strong> <\/span>Plano<\/div>\n<div class=\"face-campo-sup campos-centro\"><span class=\"face-campos-centro\"><strong>Dosificaci\u00f3n:<\/strong> <\/span>6-10 gr por kg de ropa<\/div>\n","protected":false},"excerpt":{"rendered":"<p>Celea\u00ae Nemo<br \/>\nSuavizante textil y neutralizante de alcalinidad de alta concentraci\u00f3n y agradable perfume. Evita la formaci\u00f3n de electricidad est\u00e1tica y facilita el planchado.<\/p>\n","protected":false},"featured_media":5746,"template":"","meta":[],"product_cat":[157],"product_tag":[],"class_list":["post-5331","product","type-product","status-publish","has-post-thumbnail","hentry","product_cat-suavizantes"],"_links":{"self":[{"href":"https:\/\/tienda.celea.es\/en\/wp-json\/wp\/v2\/product\/5331","targetHints":{"allow":["GET"]}}],"collection":[{"href":"https:\/\/tienda.celea.es\/en\/wp-json\/wp\/v2\/product"}],"about":[{"href":"https:\/\/tienda.celea.es\/en\/wp-json\/wp\/v2\/types\/product"}],"wp:featuredmedia":[{"embeddable":true,"href":"https:\/\/tienda.celea.es\/en\/wp-json\/wp\/v2\/media\/5746"}],"wp:attachment":[{"href":"https:\/\/tienda.celea.es\/en\/wp-json\/wp\/v2\/media?parent=5331"}],"wp:term":[{"taxonomy":"product_cat","embeddable":true,"href":"https:\/\/tienda.celea.es\/en\/wp-json\/wp\/v2\/product_cat?post=5331"},{"taxonomy":"product_tag","embeddable":true,"href":"https:\/\/tienda.celea.es\/en\/wp-json\/wp\/v2\/product_tag?post=5331"}],"curies":[{"name":"wp","href":"https:\/\/api.w.org\/{rel}","templated":true}]}}