{"id":5329,"date":"2021-10-25T09:15:16","date_gmt":"2021-10-25T09:15:16","guid":{"rendered":"https:\/\/tienda.celea.es\/?post_type=product&#038;p=5329"},"modified":"2023-03-05T08:55:48","modified_gmt":"2023-03-05T08:55:48","slug":"nemo-fresh-suavizante-textil-b-4lts","status":"publish","type":"product","link":"https:\/\/tienda.celea.es\/en\/producto\/nemo-fresh-suavizante-textil-b-4lts\/","title":{"rendered":"NEMO FRESH SUAVIZANTE T\u00c9XTIL B\/4LTS"},"content":{"rendered":"<div class=\"face-campo-sup campos-centro\"><span class=\"face-campos-centro\"><strong>Color:<\/strong> <\/span>Azul<\/div>\n<div class=\"face-campo-sup campos-centro\"><span class=\"face-campos-centro\"><strong>Composici\u00f3n:<\/strong> <\/span>Tensioactivos cati\u00f3nicos, perfumes, etc.<\/div>\n<div class=\"face-campo-sup campos-centro\"><strong>Formato:<\/strong> 4L<\/div>\n<div class=\"face-campo-sup campos-centro\"><strong><span class=\"face-campos-centro\">Olor: <\/span><\/strong>Caracteristico<\/div>\n<div class=\"face-campo-sup campos-centro\"><strong><span class=\"face-campos-centro\">Aspecto: <\/span><\/strong>L\u00edquido<\/div>\n<div class=\"face-campo-sup campos-centro\"><strong><span class=\"face-campos-centro\">Valor pH: <\/span><\/strong>2-4 pH<\/div>\n<div class=\"face-campo-sup campos-centro\"><span class=\"face-campos-centro\"><strong>Tap\u00f3n:<\/strong> <\/span>Dosificador anti-goteo<\/div>\n","protected":false},"excerpt":{"rendered":"<p>Celea\u00ae Nemo<br \/>\nSuavizante textil para a\u00f1adir en el \u00faltimo aclarado. Evita la formaci\u00f3n de electricidad est\u00e1tica en las fibras y facilita el planchado.<\/p>\n","protected":false},"featured_media":5806,"template":"","meta":[],"product_cat":[157],"product_tag":[],"class_list":["post-5329","product","type-product","status-publish","has-post-thumbnail","hentry","product_cat-suavizantes"],"_links":{"self":[{"href":"https:\/\/tienda.celea.es\/en\/wp-json\/wp\/v2\/product\/5329","targetHints":{"allow":["GET"]}}],"collection":[{"href":"https:\/\/tienda.celea.es\/en\/wp-json\/wp\/v2\/product"}],"about":[{"href":"https:\/\/tienda.celea.es\/en\/wp-json\/wp\/v2\/types\/product"}],"wp:featuredmedia":[{"embeddable":true,"href":"https:\/\/tienda.celea.es\/en\/wp-json\/wp\/v2\/media\/5806"}],"wp:attachment":[{"href":"https:\/\/tienda.celea.es\/en\/wp-json\/wp\/v2\/media?parent=5329"}],"wp:term":[{"taxonomy":"product_cat","embeddable":true,"href":"https:\/\/tienda.celea.es\/en\/wp-json\/wp\/v2\/product_cat?post=5329"},{"taxonomy":"product_tag","embeddable":true,"href":"https:\/\/tienda.celea.es\/en\/wp-json\/wp\/v2\/product_tag?post=5329"}],"curies":[{"name":"wp","href":"https:\/\/api.w.org\/{rel}","templated":true}]}}