{"id":5319,"date":"2021-10-25T09:15:15","date_gmt":"2021-10-25T09:15:15","guid":{"rendered":"https:\/\/tienda.celea.es\/?post_type=product&#038;p=5319"},"modified":"2023-03-05T08:57:17","modified_gmt":"2023-03-05T08:57:17","slug":"nemo-b-per-b-20kgs-blanq-ropa-peracetico","status":"publish","type":"product","link":"https:\/\/tienda.celea.es\/en\/producto\/nemo-b-per-b-20kgs-blanq-ropa-peracetico\/","title":{"rendered":"NEMO B-PER B\/20KGS Blanq. ropa perac\u00e9tico"},"content":{"rendered":"<div class=\"face-campo-sup campos-centro\"><span class=\"face-campos-centro\"><strong>Color:<\/strong> Incoloro<\/span><\/div>\n<div class=\"face-campo-sup campos-centro\"><span class=\"face-campos-centro\"><strong>Composici\u00f3n:<\/strong> <\/span>Acido perac\u00e9tico<\/div>\n<div class=\"face-campo-sup campos-centro\"><strong>Formato:<\/strong> 20 Kg<\/div>\n<div class=\"face-campo-sup campos-centro\"><span class=\"face-campos-centro\"><strong>Olor:<\/strong> Propio<\/span><\/div>\n<div class=\"face-campo-sup campos-centro\"><span class=\"face-campos-centro\"><strong>Aspecto:<\/strong> <\/span>L\u00edquido<\/div>\n<div class=\"face-campo-sup campos-centro\"><strong><span class=\"face-campos-centro\">Valor pH: <\/span><\/strong>3<\/div>\n<div class=\"face-campo-sup campos-centro\"><span class=\"face-campos-centro\"><strong>Tap\u00f3n:<\/strong> Plano<\/span><\/div>\n<div class=\"face-campo-sup campos-centro\"><span class=\"face-campos-centro\"><strong>Dosificaci\u00f3n:<\/strong> 6-15 gr de producto por cada Kilo de ropa seca en funci\u00f3n del grado de suciedad a eliminar.<\/span><\/div>\n","protected":false},"excerpt":{"rendered":"<p>Celea\u00ae Nemo<br \/>\nBlanqueante oxigenado concentrado en base a una mezcla estabilizada de \u00e1cido perac\u00e9tico y otros agentes blanqueantes especialmente formulado para uso en lavander\u00edas industriales, centros hospitalarios y OPL. El producto puede ser usado para todo tipo de ropa blanca o de color, excepto en prendas de seda y lana. No se puede mezclar en el mismo ba\u00f1o con lej\u00eda, cloro o similar, ya que act\u00faa tambi\u00e9n como un anticloro.<\/p>\n","protected":false},"featured_media":5754,"template":"","meta":[],"product_cat":[154],"product_tag":[],"class_list":["post-5319","product","type-product","status-publish","has-post-thumbnail","hentry","product_cat-complementos-liquidos"],"_links":{"self":[{"href":"https:\/\/tienda.celea.es\/en\/wp-json\/wp\/v2\/product\/5319","targetHints":{"allow":["GET"]}}],"collection":[{"href":"https:\/\/tienda.celea.es\/en\/wp-json\/wp\/v2\/product"}],"about":[{"href":"https:\/\/tienda.celea.es\/en\/wp-json\/wp\/v2\/types\/product"}],"wp:featuredmedia":[{"embeddable":true,"href":"https:\/\/tienda.celea.es\/en\/wp-json\/wp\/v2\/media\/5754"}],"wp:attachment":[{"href":"https:\/\/tienda.celea.es\/en\/wp-json\/wp\/v2\/media?parent=5319"}],"wp:term":[{"taxonomy":"product_cat","embeddable":true,"href":"https:\/\/tienda.celea.es\/en\/wp-json\/wp\/v2\/product_cat?post=5319"},{"taxonomy":"product_tag","embeddable":true,"href":"https:\/\/tienda.celea.es\/en\/wp-json\/wp\/v2\/product_tag?post=5319"}],"curies":[{"name":"wp","href":"https:\/\/api.w.org\/{rel}","templated":true}]}}