{"id":5318,"date":"2021-10-25T09:15:15","date_gmt":"2021-10-25T09:15:15","guid":{"rendered":"https:\/\/tienda.celea.es\/?post_type=product&#038;p=5318"},"modified":"2023-03-05T08:57:01","modified_gmt":"2023-03-05T08:57:01","slug":"nemo-b-oxi-b-20kgs-blanq-ropa-oxigenado","status":"publish","type":"product","link":"https:\/\/tienda.celea.es\/en\/producto\/nemo-b-oxi-b-20kgs-blanq-ropa-oxigenado\/","title":{"rendered":"NEMO B-OXI B\/20KGS Blanq. ropa oxigenado"},"content":{"rendered":"<div class=\"face-campo-sup campos-centro\"><strong><span class=\"face-campos-centro\">Color: <\/span><\/strong>Incoloro<\/div>\n<div class=\"face-campo-sup campos-centro\"><strong><span class=\"face-campos-centro\">Composici\u00f3n: <\/span><\/strong>Blanqueantes oxigenados<\/div>\n<div class=\"face-campo-sup campos-centro\"><strong>Formato:<\/strong> 20 Kg<\/div>\n<div class=\"face-campo-sup campos-centro\"><span class=\"face-campos-centro\"><strong>Olor:<\/strong> <\/span>Propio<\/div>\n<div class=\"face-campo-sup campos-centro\"><strong><span class=\"face-campos-centro\">Aspecto: <\/span><\/strong>L\u00edquido<\/div>\n<div class=\"face-campo-sup campos-centro\"><span class=\"face-campos-centro\"><strong>Valor pH:<\/strong> <\/span>2.5<\/div>\n<div class=\"face-campo-sup campos-centro\"><strong><span class=\"face-campos-centro\">Tap\u00f3n: <\/span><\/strong>Plano<\/div>\n<div class=\"face-campo-sup campos-centro\"><span class=\"face-campos-centro\"><strong>Dosificaci\u00f3n:<\/strong> <\/span>2 &#8211; 5 gr por kg de ropa.<\/div>\n","protected":false},"excerpt":{"rendered":"<p>Celea\u00ae Nemo<br \/>\nBlanqueante concentrado especialmente formulado para uso en lavander\u00edas comerciales, centros hospitalarios y OPL. El producto puede ser usado para todo tipo de ropa. Se puede usar en prendas manchadas con clorhexidina ya que evita su fijaci\u00f3n. No se puede mezclar en el mismo ba\u00f1o que exista lej\u00eda, cloro o similar, ya que act\u00faa tambi\u00e9n como un anticloro. No usar en prendas de nylon.<\/p>\n","protected":false},"featured_media":5752,"template":"","meta":[],"product_cat":[154],"product_tag":[],"class_list":["post-5318","product","type-product","status-publish","has-post-thumbnail","hentry","product_cat-complementos-liquidos"],"_links":{"self":[{"href":"https:\/\/tienda.celea.es\/en\/wp-json\/wp\/v2\/product\/5318","targetHints":{"allow":["GET"]}}],"collection":[{"href":"https:\/\/tienda.celea.es\/en\/wp-json\/wp\/v2\/product"}],"about":[{"href":"https:\/\/tienda.celea.es\/en\/wp-json\/wp\/v2\/types\/product"}],"wp:featuredmedia":[{"embeddable":true,"href":"https:\/\/tienda.celea.es\/en\/wp-json\/wp\/v2\/media\/5752"}],"wp:attachment":[{"href":"https:\/\/tienda.celea.es\/en\/wp-json\/wp\/v2\/media?parent=5318"}],"wp:term":[{"taxonomy":"product_cat","embeddable":true,"href":"https:\/\/tienda.celea.es\/en\/wp-json\/wp\/v2\/product_cat?post=5318"},{"taxonomy":"product_tag","embeddable":true,"href":"https:\/\/tienda.celea.es\/en\/wp-json\/wp\/v2\/product_tag?post=5318"}],"curies":[{"name":"wp","href":"https:\/\/api.w.org\/{rel}","templated":true}]}}