{"id":5300,"date":"2021-10-25T09:15:07","date_gmt":"2021-10-25T09:15:07","guid":{"rendered":"https:\/\/tienda.celea.es\/?post_type=product&#038;p=5300"},"modified":"2023-03-05T08:51:04","modified_gmt":"2023-03-05T08:51:04","slug":"energic-multi-star-b-5lts-deseng-multiusos","status":"publish","type":"product","link":"https:\/\/tienda.celea.es\/en\/producto\/energic-multi-star-b-5lts-deseng-multiusos\/","title":{"rendered":"ENERGIC MULTI STAR B\/5LTS Deseng. Multiusos"},"content":{"rendered":"<div class=\"face-campo-sup campos-centro\"><strong><span class=\"face-campos-centro\">Color: <\/span><\/strong>Amarillo<\/div>\n<div class=\"face-campo-sup campos-centro\"><strong><span class=\"face-campos-centro\">Composici\u00f3n: <\/span><\/strong>Tensioactivos no i\u00f3nicos, Hidrocarburos alif\u00e1ticos, Hidr\u00f3xido s\u00f3dico<\/div>\n<div class=\"face-campo-sup campos-centro\"><strong>Formato:<\/strong> 5L<\/div>\n<div class=\"face-campo-sup campos-centro\"><strong><span class=\"face-campos-centro\">Olor: <\/span><\/strong>Propio<\/div>\n<div class=\"face-campo-sup campos-centro\"><span class=\"face-campos-centro\"><strong>Aspecto:<\/strong> <\/span>L\u00edquido<\/div>\n<div class=\"face-campo-sup campos-centro\"><strong><span class=\"face-campos-centro\">Valor pH: <\/span><\/strong>12<\/div>\n<div class=\"face-campo-sup campos-centro\"><span class=\"face-campos-centro\"><strong>Tap\u00f3n:<\/strong> <\/span>Dosificador<\/div>\n<div class=\"face-campo-sup campos-centro\"><span class=\"face-campos-centro\"><strong>Dosificaci\u00f3n:<\/strong> <\/span>1 &#8211; 3% en agua<\/div>\n","protected":false},"excerpt":{"rendered":"<p>Celea\u00ae Star<br \/>\nDesengrasante de gran rendimiento formulado con tensioactivos de alto poder humectante y disolventes que emulsionan la grasa acumulada. Indicado para la limpieza de todo tipo de superficies lavables tales como suelos, paredes y encimeras. Limpieza eficazmente sin necesidad de aclarado.<\/p>\n","protected":false},"featured_media":5700,"template":"","meta":[],"product_cat":[149],"product_tag":[],"class_list":["post-5300","product","type-product","status-publish","has-post-thumbnail","hentry","product_cat-desengrasantes"],"_links":{"self":[{"href":"https:\/\/tienda.celea.es\/en\/wp-json\/wp\/v2\/product\/5300","targetHints":{"allow":["GET"]}}],"collection":[{"href":"https:\/\/tienda.celea.es\/en\/wp-json\/wp\/v2\/product"}],"about":[{"href":"https:\/\/tienda.celea.es\/en\/wp-json\/wp\/v2\/types\/product"}],"wp:featuredmedia":[{"embeddable":true,"href":"https:\/\/tienda.celea.es\/en\/wp-json\/wp\/v2\/media\/5700"}],"wp:attachment":[{"href":"https:\/\/tienda.celea.es\/en\/wp-json\/wp\/v2\/media?parent=5300"}],"wp:term":[{"taxonomy":"product_cat","embeddable":true,"href":"https:\/\/tienda.celea.es\/en\/wp-json\/wp\/v2\/product_cat?post=5300"},{"taxonomy":"product_tag","embeddable":true,"href":"https:\/\/tienda.celea.es\/en\/wp-json\/wp\/v2\/product_tag?post=5300"}],"curies":[{"name":"wp","href":"https:\/\/api.w.org\/{rel}","templated":true}]}}