{"id":5299,"date":"2021-10-25T09:15:07","date_gmt":"2021-10-25T09:15:07","guid":{"rendered":"https:\/\/tienda.celea.es\/?post_type=product&#038;p=5299"},"modified":"2023-03-05T08:50:48","modified_gmt":"2023-03-05T08:50:48","slug":"energic-foam-ph-star-pulverizador-b-6kgs-deseng-planchas","status":"publish","type":"product","link":"https:\/\/tienda.celea.es\/en\/producto\/energic-foam-ph-star-pulverizador-b-6kgs-deseng-planchas\/","title":{"rendered":"ENERGIC FOAM P&amp;H STAR + pulverizador B\/6KGS Deseng. Planchas"},"content":{"rendered":"<div class=\"face-campo-sup campos-centro\"><span class=\"face-campos-centro\"><strong>Color:<\/strong> <\/span>Rojo<\/div>\n<div class=\"face-campo-sup campos-centro\"><span class=\"face-campos-centro\"><strong>Composici\u00f3n:<\/strong> <\/span>Tensioactivos no i\u00f3nicos, Hidrocarburos alif\u00e1ticos, Hidr\u00f3xido s\u00f3dico, Hidr\u00f3xido pot\u00e1sico.<\/div>\n<div class=\"face-campo-sup campos-centro\"><strong>Formato:<\/strong> 6 Kg<\/div>\n<div class=\"face-campo-sup campos-centro\"><span class=\"face-campos-centro\"><strong>Olor:<\/strong> <\/span>Propio<\/div>\n<div class=\"face-campo-sup campos-centro\"><span class=\"face-campos-centro\"><strong>Aspecto:<\/strong> <\/span>L\u00edquido<\/div>\n<div class=\"face-campo-sup campos-centro\"><span class=\"face-campos-centro\"><strong>Valor pH:<\/strong> <\/span>13<\/div>\n<div class=\"face-campo-sup campos-centro\"><span class=\"face-campos-centro\"><strong>Tap\u00f3n:<\/strong> <\/span>Dosificador<\/div>\n","protected":false},"excerpt":{"rendered":"<p>Celea\u00ae Star<br \/>\nDesengrasante en espuma de gran rendimiento formulado con tensioactivos humectantes y glicoles que emulsionan la suciedad m\u00e1s incrustada. Indicado para la limpieza de grasas quemadas o adheridas a las superficies de los hornos o las planchas. Gracias a la espuma gnerada cuando se aplica con pulverizador Foam, elimina la suciedad adherida a las paredes de los hornos de forma r\u00e1pida y segura.<\/p>\n","protected":false},"featured_media":5704,"template":"","meta":[],"product_cat":[149],"product_tag":[],"class_list":["post-5299","product","type-product","status-publish","has-post-thumbnail","hentry","product_cat-desengrasantes"],"_links":{"self":[{"href":"https:\/\/tienda.celea.es\/en\/wp-json\/wp\/v2\/product\/5299","targetHints":{"allow":["GET"]}}],"collection":[{"href":"https:\/\/tienda.celea.es\/en\/wp-json\/wp\/v2\/product"}],"about":[{"href":"https:\/\/tienda.celea.es\/en\/wp-json\/wp\/v2\/types\/product"}],"wp:featuredmedia":[{"embeddable":true,"href":"https:\/\/tienda.celea.es\/en\/wp-json\/wp\/v2\/media\/5704"}],"wp:attachment":[{"href":"https:\/\/tienda.celea.es\/en\/wp-json\/wp\/v2\/media?parent=5299"}],"wp:term":[{"taxonomy":"product_cat","embeddable":true,"href":"https:\/\/tienda.celea.es\/en\/wp-json\/wp\/v2\/product_cat?post=5299"},{"taxonomy":"product_tag","embeddable":true,"href":"https:\/\/tienda.celea.es\/en\/wp-json\/wp\/v2\/product_tag?post=5299"}],"curies":[{"name":"wp","href":"https:\/\/api.w.org\/{rel}","templated":true}]}}