{"id":5298,"date":"2021-10-25T09:15:07","date_gmt":"2021-10-25T09:15:07","guid":{"rendered":"https:\/\/tienda.celea.es\/?post_type=product&#038;p=5298"},"modified":"2023-03-05T08:50:34","modified_gmt":"2023-03-05T08:50:34","slug":"energic-2fp-star-b-5lts-deseng-energico","status":"publish","type":"product","link":"https:\/\/tienda.celea.es\/en\/producto\/energic-2fp-star-b-5lts-deseng-energico\/","title":{"rendered":"ENERGIC 2FP STAR B\/5LTS Deseng. en\u00e9rgico"},"content":{"rendered":"<div class=\"face-campo-sup campos-centro\"><strong><span class=\"face-campos-centro\">Color: <\/span><\/strong>Rojo<\/div>\n<div class=\"face-campo-sup campos-centro\"><strong><span class=\"face-campos-centro\">Composici\u00f3n: <\/span><\/strong>Tensioactivo no i\u00f3nico, Hidr\u00f3xido pot\u00e1sico<\/div>\n<div class=\"face-campo-sup campos-centro\"><strong>Formato:<\/strong> 5L<\/div>\n<div class=\"face-campo-sup campos-centro\"><strong><span class=\"face-campos-centro\">Olor: <\/span><\/strong>Propio<\/div>\n<div class=\"face-campo-sup campos-centro\"><span class=\"face-campos-centro\"><strong>Aspecto:<\/strong> <\/span>L\u00edquido<\/div>\n<div class=\"face-campo-sup campos-centro\"><span class=\"face-campos-centro\"><strong>Valor pH:<\/strong> <\/span>13<\/div>\n<div class=\"face-campo-sup campos-centro\"><span class=\"face-campos-centro\"><strong>Tap\u00f3n:<\/strong> <\/span>Dosificador<\/div>\n<div class=\"face-campo-sup campos-centro\"><strong><span class=\"face-campos-centro\">Dosificaci\u00f3n: <\/span><\/strong>40 &#8211; 50 ml por litro<\/div>\n","protected":false},"excerpt":{"rendered":"<p>Celea\u00ae Star<br \/>\nDesengrasante formulado en base a potasa espec\u00edficamente para la eliminaci\u00f3n de los residuos grasos incrustados por el recalentamiento continuado del aceite y\/o por los restos s\u00f3lidos de los alimentos utilizados en las frituras. De f\u00e1cil disoluci\u00f3n y eliminaci\u00f3n mediante aclarado. No aplicar en equipos de aluminio y sus aleaciones.<\/p>\n","protected":false},"featured_media":5702,"template":"","meta":[],"product_cat":[149],"product_tag":[],"class_list":["post-5298","product","type-product","status-publish","has-post-thumbnail","hentry","product_cat-desengrasantes"],"_links":{"self":[{"href":"https:\/\/tienda.celea.es\/en\/wp-json\/wp\/v2\/product\/5298","targetHints":{"allow":["GET"]}}],"collection":[{"href":"https:\/\/tienda.celea.es\/en\/wp-json\/wp\/v2\/product"}],"about":[{"href":"https:\/\/tienda.celea.es\/en\/wp-json\/wp\/v2\/types\/product"}],"wp:featuredmedia":[{"embeddable":true,"href":"https:\/\/tienda.celea.es\/en\/wp-json\/wp\/v2\/media\/5702"}],"wp:attachment":[{"href":"https:\/\/tienda.celea.es\/en\/wp-json\/wp\/v2\/media?parent=5298"}],"wp:term":[{"taxonomy":"product_cat","embeddable":true,"href":"https:\/\/tienda.celea.es\/en\/wp-json\/wp\/v2\/product_cat?post=5298"},{"taxonomy":"product_tag","embeddable":true,"href":"https:\/\/tienda.celea.es\/en\/wp-json\/wp\/v2\/product_tag?post=5298"}],"curies":[{"name":"wp","href":"https:\/\/api.w.org\/{rel}","templated":true}]}}