{"id":5297,"date":"2021-10-25T09:15:07","date_gmt":"2021-10-25T09:15:07","guid":{"rendered":"https:\/\/tienda.celea.es\/?post_type=product&#038;p=5297"},"modified":"2023-03-05T08:50:20","modified_gmt":"2023-03-05T08:50:20","slug":"antical-star-b-5lts-desincrustante-lavav","status":"publish","type":"product","link":"https:\/\/tienda.celea.es\/en\/producto\/antical-star-b-5lts-desincrustante-lavav\/","title":{"rendered":"ANTICAL STAR B\/5LTS Desincrustante lavav."},"content":{"rendered":"<div class=\"face-campo-sup campos-centro\"><span class=\"face-campos-centro\"><strong>Color:<\/strong> <\/span>Amarillo<\/div>\n<div class=\"face-campo-sup campos-centro\"><span class=\"face-campos-centro\"><strong>Composici\u00f3n:<\/strong> <\/span>\u00c1cidos inorg\u00e1nicos<\/div>\n<div class=\"face-campo-sup campos-centro\"><strong>Formato:<\/strong> 5L<\/div>\n<div class=\"face-campo-sup campos-centro\"><span class=\"face-campos-centro\"><strong>Olor:<\/strong> <\/span>Propio<\/div>\n<div class=\"face-campo-sup campos-centro\"><strong><span class=\"face-campos-centro\">Aspecto: <\/span><\/strong>L\u00edquido<\/div>\n<div class=\"face-campo-sup campos-centro\"><strong><span class=\"face-campos-centro\">Valor pH: <\/span><\/strong>1.5<\/div>\n<div class=\"face-campo-sup campos-centro\"><strong><span class=\"face-campos-centro\">Tap\u00f3n: <\/span><\/strong>Dosificador<\/div>\n<div class=\"face-campo-sup campos-centro\"><strong><span class=\"face-campos-centro\">Dosificaci\u00f3n: <\/span><\/strong>1 &#8211; 5 gr por litro.<\/div>\n","protected":false},"excerpt":{"rendered":"<p>Celea\u00ae Star<br \/>\nL\u00edquido concentrado de car\u00e1cter \u00e1cido y r\u00e1pida acci\u00f3n desincrustante para la eliminaci\u00f3n de residuos alimentarios e incrustaciones calc\u00e1reas en m\u00e1quinas lavavajillas, conducciones, dep\u00f3sitos, etc. Contiene inhibidores de corrosi\u00f3n que protegen las conducciones y superficies tratadas no atacando filtros, juntas de pl\u00e1stico, etc.<\/p>\n","protected":false},"featured_media":5694,"template":"","meta":[],"product_cat":[148],"product_tag":[],"class_list":["post-5297","product","type-product","status-publish","has-post-thumbnail","hentry","product_cat-complementos"],"_links":{"self":[{"href":"https:\/\/tienda.celea.es\/en\/wp-json\/wp\/v2\/product\/5297","targetHints":{"allow":["GET"]}}],"collection":[{"href":"https:\/\/tienda.celea.es\/en\/wp-json\/wp\/v2\/product"}],"about":[{"href":"https:\/\/tienda.celea.es\/en\/wp-json\/wp\/v2\/types\/product"}],"wp:featuredmedia":[{"embeddable":true,"href":"https:\/\/tienda.celea.es\/en\/wp-json\/wp\/v2\/media\/5694"}],"wp:attachment":[{"href":"https:\/\/tienda.celea.es\/en\/wp-json\/wp\/v2\/media?parent=5297"}],"wp:term":[{"taxonomy":"product_cat","embeddable":true,"href":"https:\/\/tienda.celea.es\/en\/wp-json\/wp\/v2\/product_cat?post=5297"},{"taxonomy":"product_tag","embeddable":true,"href":"https:\/\/tienda.celea.es\/en\/wp-json\/wp\/v2\/product_tag?post=5297"}],"curies":[{"name":"wp","href":"https:\/\/api.w.org\/{rel}","templated":true}]}}