{"id":5296,"date":"2021-10-25T09:15:07","date_gmt":"2021-10-25T09:15:07","guid":{"rendered":"https:\/\/tienda.celea.es\/?post_type=product&#038;p=5296"},"modified":"2023-03-05T08:50:01","modified_gmt":"2023-03-05T08:50:01","slug":"renove-star-c-10kgs-limp-utensilios-cocina-polvo","status":"publish","type":"product","link":"https:\/\/tienda.celea.es\/en\/producto\/renove-star-c-10kgs-limp-utensilios-cocina-polvo\/","title":{"rendered":"RENOVE STAR C\/10KGS Limp. utensilios cocina polvo"},"content":{"rendered":"<p><strong>Color: <\/strong>Blanco<br \/>\n<strong>Composici\u00f3n:<\/strong> Dicloroisocianurato s\u00f3dico dihidrato<br \/>\n<strong>Formato:<\/strong> 10 Kg<br \/>\n<strong>Olor:<\/strong> Propio<br \/>\n<strong>Aspecto:<\/strong> Polvo granulado<br \/>\n<strong>Valor pH:<\/strong> 10<br \/>\n<strong>Dosificaci\u00f3n:<\/strong> 15 a 20 gr por litro.<\/p>\n","protected":false},"excerpt":{"rendered":"<p>Celea\u00ae Star<br \/>\nProducto desmanchante en polvo que elimina eficazmente las manchas de caf\u00e9, t\u00e9, \u00f3xido, etc. de la vajilla, cristaler\u00eda y\/o cuberter\u00eda. Aplicado peri\u00f3dicamente evita la aparici\u00f3n de incrustaciones. Puede ser aplicado en todo tipo de materiales, tanto porcelana como cristal, pl\u00e1stico, melamina, etc.<\/p>\n","protected":false},"featured_media":5696,"template":"","meta":[],"product_cat":[148],"product_tag":[],"class_list":["post-5296","product","type-product","status-publish","has-post-thumbnail","hentry","product_cat-complementos"],"_links":{"self":[{"href":"https:\/\/tienda.celea.es\/en\/wp-json\/wp\/v2\/product\/5296","targetHints":{"allow":["GET"]}}],"collection":[{"href":"https:\/\/tienda.celea.es\/en\/wp-json\/wp\/v2\/product"}],"about":[{"href":"https:\/\/tienda.celea.es\/en\/wp-json\/wp\/v2\/types\/product"}],"wp:featuredmedia":[{"embeddable":true,"href":"https:\/\/tienda.celea.es\/en\/wp-json\/wp\/v2\/media\/5696"}],"wp:attachment":[{"href":"https:\/\/tienda.celea.es\/en\/wp-json\/wp\/v2\/media?parent=5296"}],"wp:term":[{"taxonomy":"product_cat","embeddable":true,"href":"https:\/\/tienda.celea.es\/en\/wp-json\/wp\/v2\/product_cat?post=5296"},{"taxonomy":"product_tag","embeddable":true,"href":"https:\/\/tienda.celea.es\/en\/wp-json\/wp\/v2\/product_tag?post=5296"}],"curies":[{"name":"wp","href":"https:\/\/api.w.org\/{rel}","templated":true}]}}