{"id":5289,"date":"2021-10-25T09:15:06","date_gmt":"2021-10-25T09:15:06","guid":{"rendered":"https:\/\/tienda.celea.es\/?post_type=product&#038;p=5289"},"modified":"2023-03-05T08:44:02","modified_gmt":"2023-03-05T08:44:02","slug":"emulsion-autobrillante-esd-b-5lts-suelos-conductores","status":"publish","type":"product","link":"https:\/\/tienda.celea.es\/en\/producto\/emulsion-autobrillante-esd-b-5lts-suelos-conductores\/","title":{"rendered":"EMULSION AUTOBRILLANTE ESD B\/5LTS Suelos conductores"},"content":{"rendered":"<div class=\"face-campo-sup campos-centro\"><span class=\"face-campos-centro\"><strong>Color:<\/strong> <\/span>Blanco<\/div>\n<div class=\"face-campo-sup campos-centro\"><strong><span class=\"face-campos-centro\">Composici\u00f3n: <\/span><\/strong>Emulsi\u00f3n de ceras<\/div>\n<div class=\"face-campo-sup campos-centro\"><strong>Formato:<\/strong> 5L<\/div>\n<div class=\"face-campo-sup campos-centro\"><span class=\"face-campos-centro\"><strong>Olor:<\/strong> <\/span>Propio<\/div>\n<div class=\"face-campo-sup campos-centro\"><strong><span class=\"face-campos-centro\">Aspecto: <\/span><\/strong>L\u00edquido<\/div>\n<div class=\"face-campo-sup campos-centro\"><span class=\"face-campos-centro\"><strong>Valor pH:<\/strong> <\/span>8,5<\/div>\n<div class=\"face-campo-sup campos-centro\"><span class=\"face-campos-centro\"><strong>Tap\u00f3n:<\/strong> <\/span>Dosificador<\/div>\n<div class=\"face-campo-sup campos-centro\"><strong><span class=\"face-campos-centro\">Dosificaci\u00f3n: <\/span><\/strong>Aplicar puro<\/div>\n","protected":false},"excerpt":{"rendered":"<p>Celea\u00ae Terra<br \/>\nEmulsi\u00f3n autobrillante con efecto antiest\u00e1tico especialmente formulada para disipar la electricidad est\u00e1tica de cualquier tipo de suelos conductores. Proporciona un acabado brillante con propiedades antideslizamiento y muy resistente a ralladuras y marcas.<\/p>\n","protected":false},"featured_media":5714,"template":"","meta":[],"product_cat":[144],"product_tag":[],"class_list":["post-5289","product","type-product","status-publish","has-post-thumbnail","hentry","product_cat-emulsiones"],"_links":{"self":[{"href":"https:\/\/tienda.celea.es\/en\/wp-json\/wp\/v2\/product\/5289","targetHints":{"allow":["GET"]}}],"collection":[{"href":"https:\/\/tienda.celea.es\/en\/wp-json\/wp\/v2\/product"}],"about":[{"href":"https:\/\/tienda.celea.es\/en\/wp-json\/wp\/v2\/types\/product"}],"wp:featuredmedia":[{"embeddable":true,"href":"https:\/\/tienda.celea.es\/en\/wp-json\/wp\/v2\/media\/5714"}],"wp:attachment":[{"href":"https:\/\/tienda.celea.es\/en\/wp-json\/wp\/v2\/media?parent=5289"}],"wp:term":[{"taxonomy":"product_cat","embeddable":true,"href":"https:\/\/tienda.celea.es\/en\/wp-json\/wp\/v2\/product_cat?post=5289"},{"taxonomy":"product_tag","embeddable":true,"href":"https:\/\/tienda.celea.es\/en\/wp-json\/wp\/v2\/product_tag?post=5289"}],"curies":[{"name":"wp","href":"https:\/\/api.w.org\/{rel}","templated":true}]}}