{"id":5287,"date":"2021-10-25T09:15:06","date_gmt":"2021-10-25T09:15:06","guid":{"rendered":"https:\/\/tienda.celea.es\/?post_type=product&#038;p=5287"},"modified":"2023-03-05T08:43:31","modified_gmt":"2023-03-05T08:43:31","slug":"emulsion-autobrillante-suelos-frios-b-5lts","status":"publish","type":"product","link":"https:\/\/tienda.celea.es\/en\/producto\/emulsion-autobrillante-suelos-frios-b-5lts\/","title":{"rendered":"EMULSION AUTOBRILLANTE SUELOS FRIOS B\/5LTS"},"content":{"rendered":"<div class=\"face-campo-sup campos-centro\"><span class=\"face-campos-centro\"><strong>Color:<\/strong> <\/span>Blanco<\/div>\n<div class=\"face-campo-sup campos-centro\"><strong><span class=\"face-campos-centro\">Composici\u00f3n: <\/span><\/strong>Emulsi\u00f3n de ceras<\/div>\n<div class=\"face-campo-sup campos-centro\"><strong>Formato:<\/strong> 5L<\/div>\n<div class=\"face-campo-sup campos-centro\"><strong><span class=\"face-campos-centro\">Olor: <\/span><\/strong>Propio<\/div>\n<div class=\"face-campo-sup campos-centro\"><span class=\"face-campos-centro\"><strong>Aspecto:<\/strong> <\/span>L\u00edquido<\/div>\n<div class=\"face-campo-sup campos-centro\"><strong><span class=\"face-campos-centro\">Valor pH: <\/span><\/strong>8,5<\/div>\n<div class=\"face-campo-sup campos-centro\"><span class=\"face-campos-centro\"><strong>Tap\u00f3n:<\/strong> <\/span>Dosificador<\/div>\n<div class=\"face-campo-sup campos-centro\"><span class=\"face-campos-centro\"><strong>Dosificaci\u00f3n:<\/strong> <\/span>Aplicar puro<\/div>\n","protected":false},"excerpt":{"rendered":"<p>Celea\u00ae Terra<br \/>\nEmulsi\u00f3n de ceras, pol\u00edmeros y plastificantes que proporciona un acabado brillante con propiedades antideslizamiento y muy resistente a ralladuras y marcas. Puede aplicarse sobre todo tipo de suelos duros y pl\u00e1sticos, tanto naturales como sint\u00e9ticos, tales como vinilo, lin\u00f3leum, caucho, terrazo, m\u00e1rmol, piedra, cer\u00e1mica, pizarra, laminado o parquet. Proporciona una superficie uniforme y brillante, sin necesidad de pulido. Resistente al mantenimiento con maquinaria de alta velocidad.<\/p>\n","protected":false},"featured_media":5710,"template":"","meta":[],"product_cat":[144],"product_tag":[],"class_list":["post-5287","product","type-product","status-publish","has-post-thumbnail","hentry","product_cat-emulsiones"],"_links":{"self":[{"href":"https:\/\/tienda.celea.es\/en\/wp-json\/wp\/v2\/product\/5287","targetHints":{"allow":["GET"]}}],"collection":[{"href":"https:\/\/tienda.celea.es\/en\/wp-json\/wp\/v2\/product"}],"about":[{"href":"https:\/\/tienda.celea.es\/en\/wp-json\/wp\/v2\/types\/product"}],"wp:featuredmedia":[{"embeddable":true,"href":"https:\/\/tienda.celea.es\/en\/wp-json\/wp\/v2\/media\/5710"}],"wp:attachment":[{"href":"https:\/\/tienda.celea.es\/en\/wp-json\/wp\/v2\/media?parent=5287"}],"wp:term":[{"taxonomy":"product_cat","embeddable":true,"href":"https:\/\/tienda.celea.es\/en\/wp-json\/wp\/v2\/product_cat?post=5287"},{"taxonomy":"product_tag","embeddable":true,"href":"https:\/\/tienda.celea.es\/en\/wp-json\/wp\/v2\/product_tag?post=5287"}],"curies":[{"name":"wp","href":"https:\/\/api.w.org\/{rel}","templated":true}]}}