{"id":5286,"date":"2021-10-25T09:15:06","date_gmt":"2021-10-25T09:15:06","guid":{"rendered":"https:\/\/tienda.celea.es\/?post_type=product&#038;p=5286"},"modified":"2023-03-05T08:43:15","modified_gmt":"2023-03-05T08:43:15","slug":"decap-ph-11-b-5lts-decapante-alcalino","status":"publish","type":"product","link":"https:\/\/tienda.celea.es\/en\/producto\/decap-ph-11-b-5lts-decapante-alcalino\/","title":{"rendered":"DECAP PH 11 B\/5LTS Decapante alcalino"},"content":{"rendered":"<div class=\"face-campo-sup campos-centro\"><span class=\"face-campos-centro\"><strong>Color:<\/strong> <\/span>Amarillo<\/div>\n<div class=\"face-campo-sup campos-centro\"><span class=\"face-campos-centro\"><strong>Composici\u00f3n:<\/strong> <\/span>Tensioactivos no ionicos, fosfonatos<\/div>\n<div class=\"face-campo-sup campos-centro\"><strong>Formato:<\/strong> 5L<\/div>\n<div class=\"face-campo-sup campos-centro\"><strong><span class=\"face-campos-centro\">Olor: <\/span><\/strong>Propio<\/div>\n<div class=\"face-campo-sup campos-centro\"><strong><span class=\"face-campos-centro\">Aspecto: <\/span><\/strong>L\u00edquido<\/div>\n<div class=\"face-campo-sup campos-centro\"><span class=\"face-campos-centro\"><strong>Valor pH:<\/strong> <\/span>10<\/div>\n<div class=\"face-campo-sup campos-centro\"><span class=\"face-campos-centro\"><strong>Tap\u00f3n:<\/strong> <\/span>Plano<\/div>\n<div class=\"face-campo-sup campos-centro\"><strong><span class=\"face-campos-centro\">Dosificaci\u00f3n: <\/span><\/strong>10-15% en funci\u00f3n de la suciedad<\/div>\n","protected":false},"excerpt":{"rendered":"<p>Celea\u00ae Terra<br \/>\nDecapante alcalino que disuelve y emulsiona los restos de origen org\u00e1nico tales como ceras y pol\u00edmeros as\u00ed como restos de antiguos cristalizados, etc. Apto para suelos resistentes al agua, incluso lin\u00f3leo. Prepara el pavimento para su posterior cristalizado o abrillantado.<\/p>\n","protected":false},"featured_media":5708,"template":"","meta":[],"product_cat":[143],"product_tag":[],"class_list":["post-5286","product","type-product","status-publish","has-post-thumbnail","hentry","product_cat-decapantes"],"_links":{"self":[{"href":"https:\/\/tienda.celea.es\/en\/wp-json\/wp\/v2\/product\/5286","targetHints":{"allow":["GET"]}}],"collection":[{"href":"https:\/\/tienda.celea.es\/en\/wp-json\/wp\/v2\/product"}],"about":[{"href":"https:\/\/tienda.celea.es\/en\/wp-json\/wp\/v2\/types\/product"}],"wp:featuredmedia":[{"embeddable":true,"href":"https:\/\/tienda.celea.es\/en\/wp-json\/wp\/v2\/media\/5708"}],"wp:attachment":[{"href":"https:\/\/tienda.celea.es\/en\/wp-json\/wp\/v2\/media?parent=5286"}],"wp:term":[{"taxonomy":"product_cat","embeddable":true,"href":"https:\/\/tienda.celea.es\/en\/wp-json\/wp\/v2\/product_cat?post=5286"},{"taxonomy":"product_tag","embeddable":true,"href":"https:\/\/tienda.celea.es\/en\/wp-json\/wp\/v2\/product_tag?post=5286"}],"curies":[{"name":"wp","href":"https:\/\/api.w.org\/{rel}","templated":true}]}}