{"id":5285,"date":"2021-10-25T09:15:06","date_gmt":"2021-10-25T09:15:06","guid":{"rendered":"https:\/\/tienda.celea.es\/?post_type=product&#038;p=5285"},"modified":"2023-03-05T08:42:59","modified_gmt":"2023-03-05T08:42:59","slug":"decap-ph-1-b-5lts-decapante-acido","status":"publish","type":"product","link":"https:\/\/tienda.celea.es\/en\/producto\/decap-ph-1-b-5lts-decapante-acido\/","title":{"rendered":"DECAP PH 1 B\/5LTS Decapante \u00e1cido"},"content":{"rendered":"<div class=\"face-campo-sup campos-centro\"><span class=\"face-campos-centro\"><strong>Color:<\/strong> <\/span>Amarillo<\/div>\n<div class=\"face-campo-sup campos-centro\"><strong><span class=\"face-campos-centro\">Composici\u00f3n: <\/span><\/strong>Acido clorh\u00eddrico<\/div>\n<div class=\"face-campo-sup campos-centro\"><strong>Formato:<\/strong> 5L<\/div>\n<div class=\"face-campo-sup campos-centro\"><strong><span class=\"face-campos-centro\">Olor: <\/span><\/strong>Propio<\/div>\n<div class=\"face-campo-sup campos-centro\"><strong><span class=\"face-campos-centro\">Aspecto: <\/span><\/strong>L\u00edquido<\/div>\n<div class=\"face-campo-sup campos-centro\"><strong><span class=\"face-campos-centro\">Valor pH: <\/span><\/strong>1<\/div>\n<div class=\"face-campo-sup campos-centro\"><strong><span class=\"face-campos-centro\">Tap\u00f3n: <\/span><\/strong>Dosificador<\/div>\n<div class=\"face-campo-sup campos-centro\"><strong><span class=\"face-campos-centro\">Dosificaci\u00f3n: <\/span><\/strong>Diluir 5-10% en funci\u00f3n suciedad<\/div>\n","protected":false},"excerpt":{"rendered":"<p>Celea\u00ae Terra<br \/>\nProducto para la desincrustaci\u00f3n, eliminaci\u00f3n de residuos s\u00f3lidos de cal, yeso, cemento, pintura y oxido. Penetra en el poro de la superficie a tratar efectuando una limpieza profunda. Prepara el pavimento para su posterior cristalizado o abrillantado.<\/p>\n","protected":false},"featured_media":5706,"template":"","meta":[],"product_cat":[143],"product_tag":[],"class_list":["post-5285","product","type-product","status-publish","has-post-thumbnail","hentry","product_cat-decapantes"],"_links":{"self":[{"href":"https:\/\/tienda.celea.es\/en\/wp-json\/wp\/v2\/product\/5285","targetHints":{"allow":["GET"]}}],"collection":[{"href":"https:\/\/tienda.celea.es\/en\/wp-json\/wp\/v2\/product"}],"about":[{"href":"https:\/\/tienda.celea.es\/en\/wp-json\/wp\/v2\/types\/product"}],"wp:featuredmedia":[{"embeddable":true,"href":"https:\/\/tienda.celea.es\/en\/wp-json\/wp\/v2\/media\/5706"}],"wp:attachment":[{"href":"https:\/\/tienda.celea.es\/en\/wp-json\/wp\/v2\/media?parent=5285"}],"wp:term":[{"taxonomy":"product_cat","embeddable":true,"href":"https:\/\/tienda.celea.es\/en\/wp-json\/wp\/v2\/product_cat?post=5285"},{"taxonomy":"product_tag","embeddable":true,"href":"https:\/\/tienda.celea.es\/en\/wp-json\/wp\/v2\/product_tag?post=5285"}],"curies":[{"name":"wp","href":"https:\/\/api.w.org\/{rel}","templated":true}]}}