{"id":5283,"date":"2021-10-25T09:15:06","date_gmt":"2021-10-25T09:15:06","guid":{"rendered":"https:\/\/tienda.celea.es\/?post_type=product&#038;p=5283"},"modified":"2023-03-05T08:42:17","modified_gmt":"2023-03-05T08:42:17","slug":"cristalizador-blanco-alto-rendimiento-b-5lts","status":"publish","type":"product","link":"https:\/\/tienda.celea.es\/en\/producto\/cristalizador-blanco-alto-rendimiento-b-5lts\/","title":{"rendered":"CRISTALIZADOR BLANCO ALTO RENDIMIENTO B\/5LTS"},"content":{"rendered":"<div class=\"face-campo-sup campos-centro\"><strong><span class=\"face-campos-centro\">Color: <\/span><\/strong>Blanco<\/div>\n<div class=\"face-campo-sup campos-centro\"><strong><span class=\"face-campos-centro\">Composici\u00f3n: <\/span><\/strong>Tensioactivos no i\u00f3nicos, Hexafluosilicato de magnesio<\/div>\n<div class=\"face-campo-sup campos-centro\"><strong>Formato:<\/strong> 5L<\/div>\n<div class=\"face-campo-sup campos-centro\"><span class=\"face-campos-centro\"><strong>Olor:<\/strong> P<\/span>ropio<\/div>\n<div class=\"face-campo-sup campos-centro\"><span class=\"face-campos-centro\"><strong>Aspecto:<\/strong> <\/span>L\u00edquido<\/div>\n<div class=\"face-campo-sup campos-centro\"><strong><span class=\"face-campos-centro\">Valor pH: <\/span><\/strong>2<\/div>\n<div class=\"face-campo-sup campos-centro\"><strong><span class=\"face-campos-centro\">Tap\u00f3n: <\/span><\/strong>Dosificador<\/div>\n<div class=\"face-campo-sup campos-centro\"><span class=\"face-campos-centro\"><strong>Dosificaci\u00f3n:<\/strong> <\/span>Aplicar puro<\/div>\n","protected":false},"excerpt":{"rendered":"<p>Celea\u00ae Terra<br \/>\nProducto para el cristalizado y abrillantado de pavimentos de tipo calc\u00e1reo, tales como terrazo, m\u00e1rmoles, mosaico, cemento pulido y algunos aglomerados de granito, basalto, etc. De r\u00e1pida aplicaci\u00f3n, apropiado para el cristalizado de grandes superficies y nueva construcci\u00f3n. Proporciona un acabado antideslizante que facilita la limpieza y el mantenimiento diario.<\/p>\n","protected":false},"featured_media":5716,"template":"","meta":[],"product_cat":[142],"product_tag":[],"class_list":["post-5283","product","type-product","status-publish","has-post-thumbnail","hentry","product_cat-cristalizadores"],"_links":{"self":[{"href":"https:\/\/tienda.celea.es\/en\/wp-json\/wp\/v2\/product\/5283","targetHints":{"allow":["GET"]}}],"collection":[{"href":"https:\/\/tienda.celea.es\/en\/wp-json\/wp\/v2\/product"}],"about":[{"href":"https:\/\/tienda.celea.es\/en\/wp-json\/wp\/v2\/types\/product"}],"wp:featuredmedia":[{"embeddable":true,"href":"https:\/\/tienda.celea.es\/en\/wp-json\/wp\/v2\/media\/5716"}],"wp:attachment":[{"href":"https:\/\/tienda.celea.es\/en\/wp-json\/wp\/v2\/media?parent=5283"}],"wp:term":[{"taxonomy":"product_cat","embeddable":true,"href":"https:\/\/tienda.celea.es\/en\/wp-json\/wp\/v2\/product_cat?post=5283"},{"taxonomy":"product_tag","embeddable":true,"href":"https:\/\/tienda.celea.es\/en\/wp-json\/wp\/v2\/product_tag?post=5283"}],"curies":[{"name":"wp","href":"https:\/\/api.w.org\/{rel}","templated":true}]}}