{"id":5282,"date":"2021-10-25T09:15:05","date_gmt":"2021-10-25T09:15:05","guid":{"rendered":"https:\/\/tienda.celea.es\/?post_type=product&#038;p=5282"},"modified":"2023-03-05T08:40:46","modified_gmt":"2023-03-05T08:40:46","slug":"gel-de-manos-dermo-althea-b-5lts","status":"publish","type":"product","link":"https:\/\/tienda.celea.es\/en\/producto\/gel-de-manos-dermo-althea-b-5lts\/","title":{"rendered":"GEL DE MANOS DERMO ALTHEA B\/5LTS"},"content":{"rendered":"<div class=\"face-campo-sup campos-centro\"><strong><span class=\"face-campos-centro\">Color: <\/span><\/strong>Blanco<\/div>\n<div class=\"face-campo-sup campos-centro\"><strong><span class=\"face-campos-centro\">Composici\u00f3n: <\/span><\/strong><span class=\"face-campos-centro\">Aqua, Sodium Laureth Sulfate, Sodium Chloride, Cocamide MEA, Glycol Distearate, Cocamide DEA, Fragance (parfum), Methylchloroisothiazolinone, Methylisothiazolinone, 2-Bromo-2-Nitropropane-1,3diol, Citric Acid.<\/span><br \/>\n<span class=\"face-campos-centro\"><strong>Formato:<\/strong> <\/span>3 uds de 5L<\/p>\n<\/div>\n<div class=\"face-campo-sup campos-centro\"><strong><span class=\"face-campos-centro\">Olor: <\/span><\/strong>C\u00edtrico Herbal<\/div>\n<div class=\"face-campo-sup campos-centro\"><strong><span class=\"face-campos-centro\">Aspecto: <\/span><\/strong><span class=\"face-campos-centro\">Gel viscoso<\/span><\/div>\n<div class=\"face-campo-sup campos-centro\"><strong><span class=\"face-campos-centro\">Valor pH: <\/span><\/strong>6<\/div>\n<div class=\"face-campo-sup campos-centro\"><span class=\"face-campos-centro\"><strong>Tap\u00f3n:<\/strong> <\/span>Dosificador<\/div>\n<div class=\"face-campo-sup campos-centro\"><strong><span class=\"face-campos-centro\">Dosificaci\u00f3n: <\/span><\/strong><span class=\"face-campos-centro\">Aplicar una o dos dosis en funci\u00f3n del tipo de sistema de dosificaci\u00f3n utilizado.<\/span><\/div>\n","protected":false},"excerpt":{"rendered":"<p>Celea\u00ae Althea<br \/>\nGel lavamanos de pH neutro, perfumado de gran calidad que act\u00faa con suma eficacia limpiando y perfumando las manos, con una suavidad y perfume inigualables. Sus componentes est\u00e1n espec\u00edficamente indicados para el cuidado y la higiene de la piel de sus manos.<\/p>\n","protected":false},"featured_media":5648,"template":"","meta":[],"product_cat":[140],"product_tag":[],"class_list":["post-5282","product","type-product","status-publish","has-post-thumbnail","hentry","product_cat-geles-de-manos-a-granel-althea"],"_links":{"self":[{"href":"https:\/\/tienda.celea.es\/en\/wp-json\/wp\/v2\/product\/5282","targetHints":{"allow":["GET"]}}],"collection":[{"href":"https:\/\/tienda.celea.es\/en\/wp-json\/wp\/v2\/product"}],"about":[{"href":"https:\/\/tienda.celea.es\/en\/wp-json\/wp\/v2\/types\/product"}],"wp:featuredmedia":[{"embeddable":true,"href":"https:\/\/tienda.celea.es\/en\/wp-json\/wp\/v2\/media\/5648"}],"wp:attachment":[{"href":"https:\/\/tienda.celea.es\/en\/wp-json\/wp\/v2\/media?parent=5282"}],"wp:term":[{"taxonomy":"product_cat","embeddable":true,"href":"https:\/\/tienda.celea.es\/en\/wp-json\/wp\/v2\/product_cat?post=5282"},{"taxonomy":"product_tag","embeddable":true,"href":"https:\/\/tienda.celea.es\/en\/wp-json\/wp\/v2\/product_tag?post=5282"}],"curies":[{"name":"wp","href":"https:\/\/api.w.org\/{rel}","templated":true}]}}