{"id":5281,"date":"2021-10-25T09:15:05","date_gmt":"2021-10-25T09:15:05","guid":{"rendered":"https:\/\/tienda.celea.es\/?post_type=product&#038;p=5281"},"modified":"2023-03-05T08:40:32","modified_gmt":"2023-03-05T08:40:32","slug":"gel-de-manos-dermobac-althea-b-5lts-gel-hig-manos-cocina","status":"publish","type":"product","link":"https:\/\/tienda.celea.es\/en\/producto\/gel-de-manos-dermobac-althea-b-5lts-gel-hig-manos-cocina\/","title":{"rendered":"GEL DE MANOS DERMOBAC ALTHEA B\/5LTS Gel hig. manos cocina"},"content":{"rendered":"<div class=\"face-campo-sup campos-centro\"><span class=\"face-campos-centro\"><strong>Color:<\/strong> <\/span>Incoloro transparente<\/div>\n<div class=\"face-campo-sup campos-centro\"><strong><span class=\"face-campos-centro\">Composici\u00f3n: <\/span><\/strong><span class=\"face-campos-centro\">Aqua, Sodium Laureth Sulfate, Cocamidopropyl Betaine, Sodium Chloride, Cocamide DEA, Methylchloroisothiazolinone, Methylisothiazolinone, 2-Bromo-2-Nitropropane-1,3diol, Citric Acid.<\/span><\/div>\n<div class=\"face-campo-sup campos-centro\"><strong>Formato:<\/strong> 5L<\/div>\n<div class=\"face-campo-sup campos-centro\"><span class=\"face-campos-centro\"><strong>Olor:<\/strong> <\/span>Propio<\/div>\n<div class=\"face-campo-sup campos-centro\"><span class=\"face-campos-centro\"><strong>Aspecto:<\/strong> Gel viscoso<\/span><\/div>\n<div class=\"face-campo-sup campos-centro\"><span class=\"face-campos-centro\"><strong>Valor pH:<\/strong> <\/span>6.5<\/div>\n<div class=\"face-campo-sup campos-centro\"><span class=\"face-campos-centro\"><strong>Tap\u00f3n:<\/strong> <\/span>Dosificador<\/div>\n<div class=\"face-campo-sup campos-centro\"><strong><span class=\"face-campos-centro\">Dosificaci\u00f3n: <\/span><\/strong>En funci\u00f3n del dosificador<\/div>\n","protected":false},"excerpt":{"rendered":"<p>Celea\u00ae Althea<br \/>\nGel lavamanos de pH neutro y gran calidad que act\u00faa con suma eficacia limpiando e higienizando las manos. Por su formulaci\u00f3n, es el producto ideal para la higienizaci\u00f3n de las manos del personal de la industria alimentaria, de hospitales, etc.<\/p>\n","protected":false},"featured_media":5650,"template":"","meta":[],"product_cat":[140],"product_tag":[],"class_list":["post-5281","product","type-product","status-publish","has-post-thumbnail","hentry","product_cat-geles-de-manos-a-granel-althea"],"_links":{"self":[{"href":"https:\/\/tienda.celea.es\/en\/wp-json\/wp\/v2\/product\/5281","targetHints":{"allow":["GET"]}}],"collection":[{"href":"https:\/\/tienda.celea.es\/en\/wp-json\/wp\/v2\/product"}],"about":[{"href":"https:\/\/tienda.celea.es\/en\/wp-json\/wp\/v2\/types\/product"}],"wp:featuredmedia":[{"embeddable":true,"href":"https:\/\/tienda.celea.es\/en\/wp-json\/wp\/v2\/media\/5650"}],"wp:attachment":[{"href":"https:\/\/tienda.celea.es\/en\/wp-json\/wp\/v2\/media?parent=5281"}],"wp:term":[{"taxonomy":"product_cat","embeddable":true,"href":"https:\/\/tienda.celea.es\/en\/wp-json\/wp\/v2\/product_cat?post=5281"},{"taxonomy":"product_tag","embeddable":true,"href":"https:\/\/tienda.celea.es\/en\/wp-json\/wp\/v2\/product_tag?post=5281"}],"curies":[{"name":"wp","href":"https:\/\/api.w.org\/{rel}","templated":true}]}}