{"id":5269,"date":"2021-10-25T09:14:56","date_gmt":"2021-10-25T09:14:56","guid":{"rendered":"https:\/\/tienda.celea.es\/?post_type=product&#038;p=5269"},"modified":"2023-03-05T08:32:37","modified_gmt":"2023-03-05T08:32:37","slug":"deterg-clorado-desinf-ha-b-5l","status":"publish","type":"product","link":"https:\/\/tienda.celea.es\/en\/producto\/deterg-clorado-desinf-ha-b-5l\/","title":{"rendered":"DETERG. CLORADO DESINF. HA B\/5L"},"content":{"rendered":"<div class=\"face-campo-sup campos-centro\"><strong><span class=\"face-campos-centro\">Color: <\/span><\/strong>Incoloro<\/div>\n<div class=\"face-campo-sup campos-centro\"><strong><span class=\"face-campos-centro\">Composici\u00f3n: <\/span><\/strong>Hipoclorito s\u00f3dico ( cloro activo: 4,5% )<\/div>\n<div class=\"face-campo-sup campos-centro\"><strong>Formato:<\/strong> 5L<\/div>\n<div class=\"face-campo-sup campos-centro\"><span class=\"face-campos-centro\"><strong>Olor:<\/strong> <\/span>Caracter\u00edstico<\/div>\n<div class=\"face-campo-sup campos-centro\"><strong><span class=\"face-campos-centro\">Aspecto: <\/span><\/strong>L\u00edquido<\/div>\n<div class=\"face-campo-sup campos-centro\"><strong><span class=\"face-campos-centro\">Valor pH: <\/span><\/strong>Valor pH (a 20\u00baC):12 \u2013 14<\/div>\n<div class=\"face-campo-sup campos-centro\"><span class=\"face-campos-centro\"><strong>Tap\u00f3n:<\/strong> <\/span>Plano<\/div>\n<div class=\"face-campo-sup campos-centro\"><strong><span class=\"face-campos-centro\"><span class=\"face-campos-centro\">Dosificaci\u00f3n: <\/span><\/span><\/strong>Diluido en agua a la dosis de 2-8%.<\/div>\n","protected":false},"excerpt":{"rendered":"<p>Celea\u00ae FHS ONE<br \/>\nLimpiador bactericida y fungicida clorado espumante para la limpieza y desinfecci\u00f3n simult\u00e1nea de todo tipo de superficies. Uso en la industria alimentaria. Aplicaci\u00f3n por personal profesional.<\/p>\n","protected":false},"featured_media":5822,"template":"","meta":[],"product_cat":[138],"product_tag":[],"class_list":["post-5269","product","type-product","status-publish","has-post-thumbnail","hentry","product_cat-gama-fhs-facilities-higiene-service"],"_links":{"self":[{"href":"https:\/\/tienda.celea.es\/en\/wp-json\/wp\/v2\/product\/5269","targetHints":{"allow":["GET"]}}],"collection":[{"href":"https:\/\/tienda.celea.es\/en\/wp-json\/wp\/v2\/product"}],"about":[{"href":"https:\/\/tienda.celea.es\/en\/wp-json\/wp\/v2\/types\/product"}],"wp:featuredmedia":[{"embeddable":true,"href":"https:\/\/tienda.celea.es\/en\/wp-json\/wp\/v2\/media\/5822"}],"wp:attachment":[{"href":"https:\/\/tienda.celea.es\/en\/wp-json\/wp\/v2\/media?parent=5269"}],"wp:term":[{"taxonomy":"product_cat","embeddable":true,"href":"https:\/\/tienda.celea.es\/en\/wp-json\/wp\/v2\/product_cat?post=5269"},{"taxonomy":"product_tag","embeddable":true,"href":"https:\/\/tienda.celea.es\/en\/wp-json\/wp\/v2\/product_tag?post=5269"}],"curies":[{"name":"wp","href":"https:\/\/api.w.org\/{rel}","templated":true}]}}