{"id":5267,"date":"2021-10-25T09:14:56","date_gmt":"2021-10-25T09:14:56","guid":{"rendered":"https:\/\/tienda.celea.es\/?post_type=product&#038;p=5267"},"modified":"2023-03-05T08:31:54","modified_gmt":"2023-03-05T08:31:54","slug":"desengrasante-general-b-5lts","status":"publish","type":"product","link":"https:\/\/tienda.celea.es\/en\/producto\/desengrasante-general-b-5lts\/","title":{"rendered":"DESENGRASANTE GENERAL B\/5LTS"},"content":{"rendered":"<div class=\"face-campo-sup campos-centro\"><span class=\"face-campos-centro\"><strong>Color:<\/strong> <\/span>Amarillo<\/div>\n<div class=\"face-campo-sup campos-centro\"><span class=\"face-campos-centro\"><span class=\"face-campos-centro\"><strong>Composici\u00f3n:<\/strong> <\/span><\/span>Tensioactivos no i\u00f3nicos menos del 5%, fosfatos menos del 5%, perfume, limonene.<\/div>\n<div class=\"face-campo-sup campos-centro\"><strong>Formato:<\/strong> 5L<\/div>\n<div class=\"face-campo-sup campos-centro\"><strong><span class=\"face-campos-centro\">Olor: <\/span><\/strong>Caracter\u00edstico<\/div>\n<div class=\"face-campo-sup campos-centro\"><strong><span class=\"face-campos-centro\">Aspecto: <\/span><\/strong>L\u00edquido<\/div>\n<div class=\"face-campo-sup campos-centro\"><span class=\"face-campos-centro\"><strong>Valor pH:<\/strong> <\/span>Valor pH (a 20\u00baC): 11 \u2013 13<\/div>\n<div class=\"face-campo-sup campos-centro\"><span class=\"face-campos-centro\"><strong>Tap\u00f3n:<\/strong> Plano<\/span><\/div>\n<div class=\"face-campo-sup campos-centro\"><span class=\"face-campos-centro\"><strong>Dosificaci\u00f3n:<\/strong> Diluir entre un 10% y un 15% seg\u00fan el nivel de suciedad.<\/span><\/div>\n","protected":false},"excerpt":{"rendered":"<p>Celea\u00ae FHS<br \/>\nAplicable a la limpieza de cualquier tipo de superficies que no sean da\u00f1adas por el agua. Especialmente \u00fatil para cocinas, hornos, parrillas, campanas extractoras, baldosas de cocina, frigor\u00edficos, ba\u00f1os, prendas y tapicer\u00edas, madera, maquinaria, motores, filtros, suelos industriales, etc.<\/p>\n","protected":false},"featured_media":5934,"template":"","meta":[],"product_cat":[138],"product_tag":[],"class_list":["post-5267","product","type-product","status-publish","has-post-thumbnail","hentry","product_cat-gama-fhs-facilities-higiene-service"],"_links":{"self":[{"href":"https:\/\/tienda.celea.es\/en\/wp-json\/wp\/v2\/product\/5267","targetHints":{"allow":["GET"]}}],"collection":[{"href":"https:\/\/tienda.celea.es\/en\/wp-json\/wp\/v2\/product"}],"about":[{"href":"https:\/\/tienda.celea.es\/en\/wp-json\/wp\/v2\/types\/product"}],"wp:featuredmedia":[{"embeddable":true,"href":"https:\/\/tienda.celea.es\/en\/wp-json\/wp\/v2\/media\/5934"}],"wp:attachment":[{"href":"https:\/\/tienda.celea.es\/en\/wp-json\/wp\/v2\/media?parent=5267"}],"wp:term":[{"taxonomy":"product_cat","embeddable":true,"href":"https:\/\/tienda.celea.es\/en\/wp-json\/wp\/v2\/product_cat?post=5267"},{"taxonomy":"product_tag","embeddable":true,"href":"https:\/\/tienda.celea.es\/en\/wp-json\/wp\/v2\/product_tag?post=5267"}],"curies":[{"name":"wp","href":"https:\/\/api.w.org\/{rel}","templated":true}]}}