{"id":5254,"date":"2021-10-25T09:14:55","date_gmt":"2021-10-25T09:14:55","guid":{"rendered":"https:\/\/tienda.celea.es\/?post_type=product&#038;p=5254"},"modified":"2023-03-05T08:36:12","modified_gmt":"2023-03-05T08:36:12","slug":"gel-detergente-clorado-b-1lt","status":"publish","type":"product","link":"https:\/\/tienda.celea.es\/en\/producto\/gel-detergente-clorado-b-1lt\/","title":{"rendered":"GEL DETERGENTE CLORADO B\/1LT"},"content":{"rendered":"<div class=\"face-campo-sup campos-centro\"><span class=\"face-campos-centro\"><strong>Color:<\/strong> <\/span>Amarillo claro<\/div>\n<div class=\"face-campo-sup campos-centro\"><strong><span class=\"face-campos-centro\">Composici\u00f3n: <\/span><\/strong>Hipoclorito s\u00f3dico, Hidr\u00f3xido s\u00f3dico, tensioactivos no i\u00f3nicos.<\/div>\n<div class=\"face-campo-sup campos-centro\"><strong>Formato:<\/strong> 1L<\/div>\n<div class=\"face-campo-sup campos-centro\"><span class=\"face-campos-centro\"><strong>Olor:<\/strong> <\/span>Caracter\u00edstico a lej\u00eda<\/div>\n<div class=\"face-campo-sup campos-centro\"><span class=\"face-campos-centro\"><strong>Aspecto:<\/strong> <\/span>L\u00edquido<\/div>\n<div class=\"face-campo-sup campos-centro\"><span class=\"face-campos-centro\"><strong>Valor pH:<\/strong> <\/span>13<\/div>\n<div class=\"face-campo-sup campos-centro\"><strong><span class=\"face-campos-centro\">Tap\u00f3n: <\/span><\/strong>Leva<\/div>\n<div class=\"face-campo-sup campos-centro\"><strong><span class=\"face-campos-centro\">Dosificaci\u00f3n: <\/span><\/strong>Diluir 25-30ml en agua<\/div>\n","protected":false},"excerpt":{"rendered":"<p>Celea\u00ae FHS<br \/>\nDetergente en gel, apto para la limpieza de superficies verticales. Limpieza e higienizaci\u00f3n de todo tipo de superficies y pavimentos.<\/p>\n","protected":false},"featured_media":5792,"template":"","meta":[],"product_cat":[138],"product_tag":[],"class_list":["post-5254","product","type-product","status-publish","has-post-thumbnail","hentry","product_cat-gama-fhs-facilities-higiene-service"],"_links":{"self":[{"href":"https:\/\/tienda.celea.es\/en\/wp-json\/wp\/v2\/product\/5254","targetHints":{"allow":["GET"]}}],"collection":[{"href":"https:\/\/tienda.celea.es\/en\/wp-json\/wp\/v2\/product"}],"about":[{"href":"https:\/\/tienda.celea.es\/en\/wp-json\/wp\/v2\/types\/product"}],"wp:featuredmedia":[{"embeddable":true,"href":"https:\/\/tienda.celea.es\/en\/wp-json\/wp\/v2\/media\/5792"}],"wp:attachment":[{"href":"https:\/\/tienda.celea.es\/en\/wp-json\/wp\/v2\/media?parent=5254"}],"wp:term":[{"taxonomy":"product_cat","embeddable":true,"href":"https:\/\/tienda.celea.es\/en\/wp-json\/wp\/v2\/product_cat?post=5254"},{"taxonomy":"product_tag","embeddable":true,"href":"https:\/\/tienda.celea.es\/en\/wp-json\/wp\/v2\/product_tag?post=5254"}],"curies":[{"name":"wp","href":"https:\/\/api.w.org\/{rel}","templated":true}]}}