{"id":5247,"date":"2021-10-25T09:14:49","date_gmt":"2021-10-25T09:14:49","guid":{"rendered":"https:\/\/tienda.celea.es\/?post_type=product&#038;p=5247"},"modified":"2023-03-05T08:38:48","modified_gmt":"2023-03-05T08:38:48","slug":"limpiador-bioalcohol-citric-b-1lt","status":"publish","type":"product","link":"https:\/\/tienda.celea.es\/en\/producto\/limpiador-bioalcohol-citric-b-1lt\/","title":{"rendered":"LIMPIADOR BIOALCOHOL CITRIC B\/1LT"},"content":{"rendered":"<div class=\"face-campo-sup campos-centro\"><strong><span class=\"face-campos-centro\">Color: <\/span><\/strong>Amarillo<\/div>\n<div class=\"face-campo-sup campos-centro\"><strong><span class=\"face-campos-centro\">Composici\u00f3n: <\/span><\/strong>Tensioactivos no i\u00f3nicos<\/div>\n<div class=\"face-campo-sup campos-centro\"><strong>Formato:<\/strong> 1L<\/div>\n<div class=\"face-campo-sup campos-centro\"><span class=\"face-campos-centro\"><strong>Olor:<\/strong> <\/span>C\u00edtrico<\/div>\n<div class=\"face-campo-sup campos-centro\"><span class=\"face-campos-centro\"><strong>Aspecto:<\/strong> <\/span>L\u00edquido<\/div>\n<div class=\"face-campo-sup campos-centro\"><strong><span class=\"face-campos-centro\">Valor pH :<\/span><\/strong>8<\/div>\n<div class=\"face-campo-sup campos-centro\"><strong><span class=\"face-campos-centro\">Tap\u00f3n: <\/span><\/strong>Leva<\/div>\n<div class=\"face-campo-sup campos-centro\"><strong><span class=\"face-campos-centro\">Dosificaci\u00f3n: <\/span><\/strong>5 &#8211; 10 ml en agua<\/div>\n","protected":false},"excerpt":{"rendered":"<p>Celea\u00ae FHS<br \/>\nLimpiador neutro con un suave perfume c\u00edtrico dise\u00f1ado para la limpieza de todo tipo de suelos lavables, tales como los de cer\u00e1mica, porcelana vitrificada, baldosas, m\u00e1rmol o granito pulido, etc.<\/p>\n","protected":false},"featured_media":5778,"template":"","meta":[],"product_cat":[138],"product_tag":[],"class_list":["post-5247","product","type-product","status-publish","has-post-thumbnail","hentry","product_cat-gama-fhs-facilities-higiene-service"],"_links":{"self":[{"href":"https:\/\/tienda.celea.es\/en\/wp-json\/wp\/v2\/product\/5247","targetHints":{"allow":["GET"]}}],"collection":[{"href":"https:\/\/tienda.celea.es\/en\/wp-json\/wp\/v2\/product"}],"about":[{"href":"https:\/\/tienda.celea.es\/en\/wp-json\/wp\/v2\/types\/product"}],"wp:featuredmedia":[{"embeddable":true,"href":"https:\/\/tienda.celea.es\/en\/wp-json\/wp\/v2\/media\/5778"}],"wp:attachment":[{"href":"https:\/\/tienda.celea.es\/en\/wp-json\/wp\/v2\/media?parent=5247"}],"wp:term":[{"taxonomy":"product_cat","embeddable":true,"href":"https:\/\/tienda.celea.es\/en\/wp-json\/wp\/v2\/product_cat?post=5247"},{"taxonomy":"product_tag","embeddable":true,"href":"https:\/\/tienda.celea.es\/en\/wp-json\/wp\/v2\/product_tag?post=5247"}],"curies":[{"name":"wp","href":"https:\/\/api.w.org\/{rel}","templated":true}]}}