{"id":5244,"date":"2021-10-25T09:14:49","date_gmt":"2021-10-25T09:14:49","guid":{"rendered":"https:\/\/tienda.celea.es\/?post_type=product&#038;p=5244"},"modified":"2023-03-05T08:38:09","modified_gmt":"2023-03-05T08:38:09","slug":"limp-deseng-foam-control-b-5lts-apto-fregadoras","status":"publish","type":"product","link":"https:\/\/tienda.celea.es\/en\/producto\/limp-deseng-foam-control-b-5lts-apto-fregadoras\/","title":{"rendered":"LIMP. DESENG. FOAM CONTROL B\/5LTS Apto fregadoras"},"content":{"rendered":"<div class=\"face-campo-sup campos-centro\"><strong><span class=\"face-campos-centro\">Color: <\/span><\/strong>Amarillo<\/div>\n<div class=\"face-campo-sup campos-centro\"><strong><span class=\"face-campos-centro\">Composici\u00f3n: <\/span><\/strong>Tensioactivos no i\u00f3nicos, Hidr\u00f3xido s\u00f3dico<\/div>\n<div class=\"face-campo-sup campos-centro\"><strong>Formato:<\/strong> 5L<\/div>\n<div class=\"face-campo-sup campos-centro\"><strong><span class=\"face-campos-centro\">Olor: <\/span><\/strong>Propio<\/div>\n<div class=\"face-campo-sup campos-centro\"><strong><span class=\"face-campos-centro\">Aspecto: <\/span><\/strong>L\u00edquido<\/div>\n<div class=\"face-campo-sup campos-centro\"><span class=\"face-campos-centro\"><strong>Valor pH:<\/strong> <\/span>12<\/div>\n<div class=\"face-campo-sup campos-centro\"><span class=\"face-campos-centro\"><strong>Tap\u00f3n:<\/strong> <\/span>Plano<\/div>\n<div class=\"face-campo-sup campos-centro\"><span class=\"face-campos-centro\"><strong>Dosificaci\u00f3n:<\/strong> <\/span>50-100ml por litro de agua<\/div>\n","protected":false},"excerpt":{"rendered":"<p>Celea\u00ae FHS<br \/>\nProducto ideal para la limpieza y desengrasado en fr\u00edo de todo tipo de superficies. Apto para usar a mano y con m\u00e1quina rotativa.<\/p>\n","protected":false},"featured_media":5784,"template":"","meta":[],"product_cat":[138],"product_tag":[],"class_list":["post-5244","product","type-product","status-publish","has-post-thumbnail","hentry","product_cat-gama-fhs-facilities-higiene-service"],"_links":{"self":[{"href":"https:\/\/tienda.celea.es\/en\/wp-json\/wp\/v2\/product\/5244","targetHints":{"allow":["GET"]}}],"collection":[{"href":"https:\/\/tienda.celea.es\/en\/wp-json\/wp\/v2\/product"}],"about":[{"href":"https:\/\/tienda.celea.es\/en\/wp-json\/wp\/v2\/types\/product"}],"wp:featuredmedia":[{"embeddable":true,"href":"https:\/\/tienda.celea.es\/en\/wp-json\/wp\/v2\/media\/5784"}],"wp:attachment":[{"href":"https:\/\/tienda.celea.es\/en\/wp-json\/wp\/v2\/media?parent=5244"}],"wp:term":[{"taxonomy":"product_cat","embeddable":true,"href":"https:\/\/tienda.celea.es\/en\/wp-json\/wp\/v2\/product_cat?post=5244"},{"taxonomy":"product_tag","embeddable":true,"href":"https:\/\/tienda.celea.es\/en\/wp-json\/wp\/v2\/product_tag?post=5244"}],"curies":[{"name":"wp","href":"https:\/\/api.w.org\/{rel}","templated":true}]}}