{"id":5240,"date":"2021-10-25T09:14:48","date_gmt":"2021-10-25T09:14:48","guid":{"rendered":"https:\/\/tienda.celea.es\/?post_type=product&#038;p=5240"},"modified":"2023-03-04T23:51:50","modified_gmt":"2023-03-04T23:51:50","slug":"concentrado-base-fresh-b-2lts-amb-neutral","status":"publish","type":"product","link":"https:\/\/tienda.celea.es\/en\/producto\/concentrado-base-fresh-b-2lts-amb-neutral\/","title":{"rendered":"CONCENTRADO BASE FRESH B\/2LTS Amb. neutral."},"content":{"rendered":"<div class=\"face-campo-sup campos-centro\"><span class=\"face-campos-centro\"><strong>Color:<\/strong> <\/span>Amarillo<\/div>\n<div class=\"face-campo-sup campos-centro\"><span class=\"face-campos-centro\"><strong>Composici\u00f3n:<\/strong> Tensoactivos<\/span><\/div>\n<div class=\"face-campo-sup campos-centro\"><strong>Formato:<\/strong> 2L<\/div>\n<div class=\"face-campo-sup campos-centro\"><span class=\"face-campos-centro\"><strong>Olor:<\/strong> Fresco mentolado<\/span><\/div>\n<div class=\"face-campo-sup campos-centro\"><span class=\"face-campos-centro\"><strong>Valor pH:<\/strong> 8<\/span><\/div>\n<div class=\"face-campo-sup campos-centro\"><span class=\"face-campos-centro\"><strong>Tap\u00f3n:<\/strong> Plano<\/span><\/div>\n<div class=\"face-campo-sup campos-centro\"><span class=\"face-campos-centro\"><strong>Dosificaci\u00f3n:<\/strong> Dosificar al 3% en agua hasta obtener 1 L de producto listo para su uso mediante un sistema de dosificaci\u00f3n adecuado, como un dosificador venturi con el chicl\u00e9 apropiado o un dosificador pulsador. Una vez preparado el producto, pulverizar desde el centro de la habitaci\u00f3n hacia los laterales haci\u00e9ndolo siempre en direcci\u00f3n al techo.<\/span><\/div>\n","protected":false},"excerpt":{"rendered":"<p>Celea\u00ae Drip<br \/>\nAmbientador concentrado de fresco perfume de menta que neutraliza eficazmente los malos olores en habitaciones de hotel, restaurantes, aseos, oficinas, etc. F\u00f3rmula sin alcohol que proporciona una gran persistencia del perfume en el ambiente. Producto concentrado dise\u00f1ado como base para ser diluido. No usar la base concentrada directamente, diluir siempre antes de su uso.<\/p>\n","protected":false},"featured_media":5766,"template":"","meta":[],"product_cat":[136],"product_tag":[],"class_list":["post-5240","product","type-product","status-publish","has-post-thumbnail","hentry","product_cat-concentrados-celea-drip-concentrados-celea-drip"],"_links":{"self":[{"href":"https:\/\/tienda.celea.es\/en\/wp-json\/wp\/v2\/product\/5240","targetHints":{"allow":["GET"]}}],"collection":[{"href":"https:\/\/tienda.celea.es\/en\/wp-json\/wp\/v2\/product"}],"about":[{"href":"https:\/\/tienda.celea.es\/en\/wp-json\/wp\/v2\/types\/product"}],"wp:featuredmedia":[{"embeddable":true,"href":"https:\/\/tienda.celea.es\/en\/wp-json\/wp\/v2\/media\/5766"}],"wp:attachment":[{"href":"https:\/\/tienda.celea.es\/en\/wp-json\/wp\/v2\/media?parent=5240"}],"wp:term":[{"taxonomy":"product_cat","embeddable":true,"href":"https:\/\/tienda.celea.es\/en\/wp-json\/wp\/v2\/product_cat?post=5240"},{"taxonomy":"product_tag","embeddable":true,"href":"https:\/\/tienda.celea.es\/en\/wp-json\/wp\/v2\/product_tag?post=5240"}],"curies":[{"name":"wp","href":"https:\/\/api.w.org\/{rel}","templated":true}]}}