{"id":5238,"date":"2021-10-25T09:14:48","date_gmt":"2021-10-25T09:14:48","guid":{"rendered":"https:\/\/tienda.celea.es\/?post_type=product&#038;p=5238"},"modified":"2023-03-04T23:51:10","modified_gmt":"2023-03-04T23:51:10","slug":"concentrado-base-multi-b-2lts-limp-multi","status":"publish","type":"product","link":"https:\/\/tienda.celea.es\/en\/producto\/concentrado-base-multi-b-2lts-limp-multi\/","title":{"rendered":"CONCENTRADO BASE MULTI B\/2LTS Limp. multi."},"content":{"rendered":"<div class=\"face-campo-sup campos-centro\"><strong><span class=\"face-campos-centro\">Color: <\/span><\/strong>Azul<\/div>\n<div class=\"face-campo-sup campos-centro\"><span class=\"face-campos-centro\"><strong>Composici\u00f3n:<\/strong> Alcohol isoprop\u00edlico, poliglicoles, tensioactivos no i\u00f3nicos, fosfonatos, perfume<\/span><br \/>\n<strong>Formato:<\/strong> 2L<\/p>\n<\/div>\n<div class=\"face-campo-sup campos-centro\"><span class=\"face-campos-centro\"><strong>Olor:<\/strong> Vainilla<\/span><\/div>\n<div class=\"face-campo-sup campos-centro\"><span class=\"face-campos-centro\"><strong>Valor pH:<\/strong> 10<\/span><\/div>\n<div class=\"face-campo-sup campos-centro\"><span class=\"face-campos-centro\"><strong>Tap\u00f3n:<\/strong> Plano<\/span><\/div>\n<div class=\"face-campo-sup campos-centro\"><span class=\"face-campos-centro\"><strong>Dosificaci\u00f3n:<\/strong> Dosificar al 3% en agua hasta obtener 1 L de producto listo para su uso mediante un sistema de dosificaci\u00f3n adecuado, como un dosificador venturi con el chicl\u00e9 apropiado o un dosificador pulsador. Una vez preparado el producto, aplicarlo pulveriz\u00e1ndolo sobre la superficie a limpiar y secar.<\/span><\/div>\n","protected":false},"excerpt":{"rendered":"<p>Celea\u00ae Drip<br \/>\nEl limpiador multiusos perfumado, limpia, desengrasa y abrillanta r\u00e1pidamente toda clase de superficies lavables tales como cristales, espejos, mobiliario moderno, azulejos, m\u00e1rmol, superficies cromadas, etc., Producto de acci\u00f3n antivaho y r\u00e1pido secado sin dejar velos gracias a su composici\u00f3n basada en tensioactivos no i\u00f3nicos y alcohol. V\u00e1lido para la limpieza con agua de cualquier dureza y sobre cualquier material, aunque recomendamos probar siempre la compatibilidad del producto con la superficie ante un uso continuado del mismo. No aplicar la base concentrada sobre ninguna superficie.<\/p>\n","protected":false},"featured_media":5760,"template":"","meta":[],"product_cat":[136],"product_tag":[],"class_list":["post-5238","product","type-product","status-publish","has-post-thumbnail","hentry","product_cat-concentrados-celea-drip-concentrados-celea-drip"],"_links":{"self":[{"href":"https:\/\/tienda.celea.es\/en\/wp-json\/wp\/v2\/product\/5238","targetHints":{"allow":["GET"]}}],"collection":[{"href":"https:\/\/tienda.celea.es\/en\/wp-json\/wp\/v2\/product"}],"about":[{"href":"https:\/\/tienda.celea.es\/en\/wp-json\/wp\/v2\/types\/product"}],"wp:featuredmedia":[{"embeddable":true,"href":"https:\/\/tienda.celea.es\/en\/wp-json\/wp\/v2\/media\/5760"}],"wp:attachment":[{"href":"https:\/\/tienda.celea.es\/en\/wp-json\/wp\/v2\/media?parent=5238"}],"wp:term":[{"taxonomy":"product_cat","embeddable":true,"href":"https:\/\/tienda.celea.es\/en\/wp-json\/wp\/v2\/product_cat?post=5238"},{"taxonomy":"product_tag","embeddable":true,"href":"https:\/\/tienda.celea.es\/en\/wp-json\/wp\/v2\/product_tag?post=5238"}],"curies":[{"name":"wp","href":"https:\/\/api.w.org\/{rel}","templated":true}]}}