{"id":5234,"date":"2021-10-25T09:14:48","date_gmt":"2021-10-25T09:14:48","guid":{"rendered":"https:\/\/tienda.celea.es\/?post_type=product&#038;p=5234"},"modified":"2023-03-04T23:53:06","modified_gmt":"2023-03-04T23:53:06","slug":"concentrado-base-toilet-b-2lts-limp-desinc-banos","status":"publish","type":"product","link":"https:\/\/tienda.celea.es\/en\/producto\/concentrado-base-toilet-b-2lts-limp-desinc-banos\/","title":{"rendered":"CONCENTRADO BASE TOILET B\/2LTS Limp. desinc. ba\u00f1os"},"content":{"rendered":"<div class=\"face-campo-sup campos-centro\"><strong><span class=\"face-campos-centro\">Color: <\/span><\/strong>Naranja<\/div>\n<div class=\"face-campo-sup campos-centro\"><span class=\"face-campos-centro\"><strong>Composici\u00f3n:<\/strong> Perfume, tensioactivos ani\u00f3nicos.<\/span><\/div>\n<div class=\"face-campo-sup campos-centro\"><strong>Formato:<\/strong> 2L<\/div>\n<div class=\"face-campo-sup campos-centro\"><span class=\"face-campos-centro\"><strong>Olor:<\/strong> Manzana<\/span><\/div>\n<div class=\"face-campo-sup campos-centro\"><span class=\"face-campos-centro\"><strong>Valor pH:<\/strong> 2,5<\/span><\/div>\n<div class=\"face-campo-sup campos-centro\"><span class=\"face-campos-centro\"><strong>Tap\u00f3n:<\/strong> Plano<\/span><\/div>\n<div class=\"face-campo-sup campos-centro\"><span class=\"face-campos-centro\"><strong>Dosificaci\u00f3n:<\/strong> Dosificar al 3% en agua hasta obtener 1 L de producto listo para su uso mediante un sistema de dosificaci\u00f3n adecuado, como un dosificador venturi con el chicl\u00e9 apropiado o un dosificador pulsador. Una vez preparado el producto, aplicarlo pulverizando sobre la superficie a limpiar, dejar actuar no m\u00e1s de 5 minutos y secar con un pa\u00f1o seco.<\/span><\/div>\n","protected":false},"excerpt":{"rendered":"<p>Celea\u00ae Drip<br \/>\nLimpiador \u00e1cido perfumado de acci\u00f3n desincrustante que gracias a su combinaci\u00f3n de tensioactivos y \u00e1cidos de origen natural act\u00faa eficazmente eliminando la cal y los restos suciedad de todas las superficies del cuarto de ba\u00f1o. V\u00e1lido para la limpieza con agua de cualquier dureza. Recomendado para la limpieza de ba\u00f1eras, lavabos y azulejos. Adecuado para porcelanas, fibra de vidrio, superficies acr\u00edlicas, aceros inoxidables, pl\u00e1sticos, cromados, azulejos, etc. No aplicar la base concentrada sobre ninguna superficie.<\/p>\n","protected":false},"featured_media":5762,"template":"","meta":[],"product_cat":[136],"product_tag":[],"class_list":["post-5234","product","type-product","status-publish","has-post-thumbnail","hentry","product_cat-concentrados-celea-drip-concentrados-celea-drip"],"_links":{"self":[{"href":"https:\/\/tienda.celea.es\/en\/wp-json\/wp\/v2\/product\/5234","targetHints":{"allow":["GET"]}}],"collection":[{"href":"https:\/\/tienda.celea.es\/en\/wp-json\/wp\/v2\/product"}],"about":[{"href":"https:\/\/tienda.celea.es\/en\/wp-json\/wp\/v2\/types\/product"}],"wp:featuredmedia":[{"embeddable":true,"href":"https:\/\/tienda.celea.es\/en\/wp-json\/wp\/v2\/media\/5762"}],"wp:attachment":[{"href":"https:\/\/tienda.celea.es\/en\/wp-json\/wp\/v2\/media?parent=5234"}],"wp:term":[{"taxonomy":"product_cat","embeddable":true,"href":"https:\/\/tienda.celea.es\/en\/wp-json\/wp\/v2\/product_cat?post=5234"},{"taxonomy":"product_tag","embeddable":true,"href":"https:\/\/tienda.celea.es\/en\/wp-json\/wp\/v2\/product_tag?post=5234"}],"curies":[{"name":"wp","href":"https:\/\/api.w.org\/{rel}","templated":true}]}}