{"id":5232,"date":"2021-10-25T09:14:48","date_gmt":"2021-10-25T09:14:48","guid":{"rendered":"https:\/\/tienda.celea.es\/?post_type=product&#038;p=5232"},"modified":"2023-03-04T23:50:19","modified_gmt":"2023-03-04T23:50:19","slug":"concentrado-base-energic-b-2lts-limp-deseng","status":"publish","type":"product","link":"https:\/\/tienda.celea.es\/en\/producto\/concentrado-base-energic-b-2lts-limp-deseng\/","title":{"rendered":"CONCENTRADO BASE ENERGIC B\/2LTS Limp. deseng."},"content":{"rendered":"<div class=\"face-campo-sup campos-centro\"><strong><span class=\"face-campos-centro\">Color: <\/span><\/strong>Amarillo<\/div>\n<div class=\"face-campo-sup campos-centro\"><span class=\"face-campos-centro\"><strong>Composici\u00f3n:<\/strong> Tensioactivos ani\u00f3nicos, tensioactivos no i\u00f3nicos<\/span><br \/>\n<strong>Formato:<\/strong> 2L<\/div>\n<div class=\"face-campo-sup campos-centro\"><span class=\"face-campos-centro\"><strong>Olor:<\/strong> Propio<\/span><\/div>\n<div class=\"face-campo-sup campos-centro\"><span class=\"face-campos-centro\"><strong>Valor pH:<\/strong> 11<\/span><\/div>\n<div class=\"face-campo-sup campos-centro\"><span class=\"face-campos-centro\"><strong>Tap\u00f3n:<\/strong> Plano<\/span><\/div>\n<div class=\"face-campo-sup campos-centro\"><strong><span class=\"face-campos-centro\">Dosificaci\u00f3n: <\/span><\/strong><\/div>\n<div class=\"face-campo-sup campos-centro\"><span class=\"face-campos-centro\">A botella: Dosificar al 3% en agua hasta obtener 1 L de producto listo para su uso mediante un sistema de dosificaci\u00f3n adecuado, como un dosificador venturi con el chicl\u00e9 apropiado o un dosificador pulsador. Despu\u00e9s, aplicar puro sobre la superficie a limpiar, dejar actuar unos minutos, aclarar con agua y dejar secar<br \/>\nA cubo: Dosificar el producto al 0,6 % directamente en un cubo de 5 \u00f3 10 L usando el sistema venturi con el chicl\u00e9 apropiado. Despu\u00e9s aplicar sobre la superficie a limpiar y dejar secar. No necesita aclarado.<\/span><\/div>\n","protected":false},"excerpt":{"rendered":"<p>Celea\u00ae Drip<br \/>\nLimpiador alcalino de gran poder desengrasante que elimina la suciedad de origen org\u00e1nico, como grasas aceites y restos de alimentos, incluso los m\u00e1s incrustados, de cualquier tipo de superficie lavable. Contiene agentes dispersantes de la suciedad que evitan la redeposici\u00f3n de la misma, as\u00ed como secuestrantes calc\u00e1reos, por lo que se puede usar con aguas de cualquier dureza. Especialmente indicado para la limpieza de superficies de la industria alimentaria. Producto de f\u00e1cil aclarado, no deja residuos de detergente ni de perfume en las superficies limpiadas. No sobre superficies pintadas, metacrilato, cobre, zinc, n\u00edquel ni aleaciones. Probar siempre la compatibilidad del producto con la superficie ante un uso continuado del mismo.<\/p>\n","protected":false},"featured_media":5758,"template":"","meta":[],"product_cat":[136],"product_tag":[],"class_list":["post-5232","product","type-product","status-publish","has-post-thumbnail","hentry","product_cat-concentrados-celea-drip-concentrados-celea-drip"],"_links":{"self":[{"href":"https:\/\/tienda.celea.es\/en\/wp-json\/wp\/v2\/product\/5232","targetHints":{"allow":["GET"]}}],"collection":[{"href":"https:\/\/tienda.celea.es\/en\/wp-json\/wp\/v2\/product"}],"about":[{"href":"https:\/\/tienda.celea.es\/en\/wp-json\/wp\/v2\/types\/product"}],"wp:featuredmedia":[{"embeddable":true,"href":"https:\/\/tienda.celea.es\/en\/wp-json\/wp\/v2\/media\/5758"}],"wp:attachment":[{"href":"https:\/\/tienda.celea.es\/en\/wp-json\/wp\/v2\/media?parent=5232"}],"wp:term":[{"taxonomy":"product_cat","embeddable":true,"href":"https:\/\/tienda.celea.es\/en\/wp-json\/wp\/v2\/product_cat?post=5232"},{"taxonomy":"product_tag","embeddable":true,"href":"https:\/\/tienda.celea.es\/en\/wp-json\/wp\/v2\/product_tag?post=5232"}],"curies":[{"name":"wp","href":"https:\/\/api.w.org\/{rel}","templated":true}]}}