{"id":5230,"date":"2021-10-25T09:14:47","date_gmt":"2021-10-25T09:14:47","guid":{"rendered":"https:\/\/tienda.celea.es\/?post_type=product&#038;p=5230"},"modified":"2023-03-04T23:54:43","modified_gmt":"2023-03-04T23:54:43","slug":"concentrado-base-floor-b-2lts-limp-suelos","status":"publish","type":"product","link":"https:\/\/tienda.celea.es\/en\/producto\/concentrado-base-floor-b-2lts-limp-suelos\/","title":{"rendered":"CONCENTRADO BASE FLOOR B\/2LTS Limp. Suelos"},"content":{"rendered":"<div class=\"face-campo-sup campos-centro\"><strong><span class=\"face-campos-centro\">Color: <\/span><\/strong>Verde<\/div>\n<div class=\"face-campo-sup campos-centro\"><span class=\"face-campos-centro\"><strong>Composici\u00f3n:<\/strong> Perfume, tensioactivos no i\u00f3nicos, alcohol isoprop\u00edlico.<\/span><\/div>\n<div class=\"face-campo-sup campos-centro\"><strong>Formato:<\/strong> 2L<\/div>\n<div class=\"face-campo-sup campos-centro\"><span class=\"face-campos-centro\"><strong>Olor:<\/strong> Floral<\/span><\/div>\n<div class=\"face-campo-sup campos-centro\"><span class=\"face-campos-centro\"><strong>Valor pH:<\/strong> 10<\/span><\/div>\n<div class=\"face-campo-sup campos-centro\"><span class=\"face-campos-centro\"><strong>Tap\u00f3n:<\/strong> Plano<\/span><\/div>\n<div class=\"face-campo-sup campos-centro\"><span class=\"face-campos-centro\"><strong>Dosificaci\u00f3n:<\/strong><br \/>\nA botella: Dosificar al 3% en agua hasta obtener 1 L de producto listo para su uso mediante un sistema de dosificaci\u00f3n adecuado, como un dosificador venturi con el chicl\u00e9 apropiado o un dosificador pulsador. Despu\u00e9s, diluir al 1 % en un cubo, aplicar sobre la superficie a limpiar y dejar secar. No necesita aclarado.<br \/>\nA cubo: Dosificar el producto del 0,03 al 0.08 % directamente en un cubo de 5 \u00f3 10 L usando el sistema venturi con el chicl\u00e9 apropiado. Despu\u00e9s aplicar sobre la superficie a limpiar y dejar secar. No necesita aclarado.<br \/>\n<\/span><\/div>\n","protected":false},"excerpt":{"rendered":"<p>Celea\u00ae Drip<br \/>\nDetergente neutro perfumado para la limpieza y mantenimiento de todo tipo de suelos y pavimentos lavables, no ataca ni destruye el cristalizado. Debido a su f\u00f3rmula basada en tensioactivo ani\u00f3nicos y alcohol limpia e higieniza de forma eficaz sin dejar velos ni residuos. Formulado con agentes secuestrantes de cal, por lo que es v\u00e1lido para la limpieza con agua de cualquier dureza. Gracias al pH neutro del producto diluido (RTU) puedes usarse sobre cualquier superficie, como m\u00e1rmol, terrazo, granito, gres, cer\u00e1mica, cemento, etc. aunque recomendamos probar siempre la compatibilidad del producto con la superficie ante un uso continuado del mismo. No aplicar la base concentrada sobre ninguna superficie.<\/p>\n","protected":false},"featured_media":5756,"template":"","meta":[],"product_cat":[136],"product_tag":[],"class_list":["post-5230","product","type-product","status-publish","has-post-thumbnail","hentry","product_cat-concentrados-celea-drip-concentrados-celea-drip"],"_links":{"self":[{"href":"https:\/\/tienda.celea.es\/en\/wp-json\/wp\/v2\/product\/5230","targetHints":{"allow":["GET"]}}],"collection":[{"href":"https:\/\/tienda.celea.es\/en\/wp-json\/wp\/v2\/product"}],"about":[{"href":"https:\/\/tienda.celea.es\/en\/wp-json\/wp\/v2\/types\/product"}],"wp:featuredmedia":[{"embeddable":true,"href":"https:\/\/tienda.celea.es\/en\/wp-json\/wp\/v2\/media\/5756"}],"wp:attachment":[{"href":"https:\/\/tienda.celea.es\/en\/wp-json\/wp\/v2\/media?parent=5230"}],"wp:term":[{"taxonomy":"product_cat","embeddable":true,"href":"https:\/\/tienda.celea.es\/en\/wp-json\/wp\/v2\/product_cat?post=5230"},{"taxonomy":"product_tag","embeddable":true,"href":"https:\/\/tienda.celea.es\/en\/wp-json\/wp\/v2\/product_tag?post=5230"}],"curies":[{"name":"wp","href":"https:\/\/api.w.org\/{rel}","templated":true}]}}