{"id":5228,"date":"2021-10-25T09:14:47","date_gmt":"2021-10-25T09:14:47","guid":{"rendered":"https:\/\/tienda.celea.es\/?post_type=product&#038;p=5228"},"modified":"2022-05-22T07:33:43","modified_gmt":"2022-05-22T07:33:43","slug":"althea-champu-b-075lts","status":"publish","type":"product","link":"https:\/\/tienda.celea.es\/en\/producto\/althea-champu-b-075lts\/","title":{"rendered":"ALTHEA CHAMP\u00da B\/0,75LTS"},"content":{"rendered":"<div class=\"face-campo-sup campos-centro\"><span class=\"face-campos-centro\"><strong>Color:<\/strong> Caracter\u00edstico<\/span><\/div>\n<div class=\"face-campo-sup campos-centro\"><strong><span class=\"face-campos-centro\"><span class=\"face-campos-centro\">Composici\u00f3n: <\/span><\/span><\/strong>Aqua, Sodium Laureth Sulfate, Sodium Chloride, Cocamide DEA, Cocamidopropyl Betaine,Tetrasodium Glutamate Diacetate,Glycerin, Parfum, Citric Acid, Sodium Benzoate, Phenoxyethanol, Sodium Hydroxide, Polyquaternium-7, Calcium Sulfate,Magnesium Chloride, Calcium Chloride, Potassium Chloride, Magnesium Nitrate, Methylchloroisothiazolinone, Methylisothiazolinone.<br \/>\n<strong>Formato:<\/strong> 750 ml<\/div>\n<div class=\"face-campo-sup campos-centro\"><span class=\"face-campos-centro\"><strong>Olor:<\/strong> <\/span>Frutal<\/div>\n<div class=\"face-campo-sup campos-centro\"><span class=\"face-campos-centro\"><strong>Aspecto:<\/strong> <\/span>Gel<\/div>\n<div class=\"face-campo-sup campos-centro\"><span class=\"face-campos-centro\"><strong>Valor pH:<\/strong> <\/span>6\u00b1 0,5<\/div>\n<div class=\"face-campo-sup campos-centro\"><strong><span class=\"face-campos-centro\">Tap\u00f3n: <\/span><\/strong>Presi\u00f3n<\/div>\n<div class=\"face-campo-sup campos-centro\"><strong><span class=\"face-campos-centro\"><span class=\"face-campos-centro\">Dosificaci\u00f3n: <\/span><\/span><\/strong>Aplicar una peque\u00f1a cantidad de champ\u00fa sobre el cabello previamente mojado. Masajear con movimientos suaves el cabello hasta obtener una abundante espuma. Posteriormente aclarar con abundante agua.<\/div>\n","protected":false},"excerpt":{"rendered":"<p>Althea\u00ae Personal Care<br \/>\nIndicado para cabellos normales. Formulado a base de tensioactivos ani\u00f3nicos, no i\u00f3nicos y anf\u00f3teros con agentes suavizantes y acondicionadores. Cuida, suaviza y protege el cabello y el cuero cabelludo dej\u00e1ndolo limpio y sedoso.<\/p>\n","protected":false},"featured_media":5826,"template":"","meta":[],"product_cat":[134],"product_tag":[],"class_list":["post-5228","product","type-product","status-publish","has-post-thumbnail","hentry","product_cat-gama-cosmetica"],"_links":{"self":[{"href":"https:\/\/tienda.celea.es\/en\/wp-json\/wp\/v2\/product\/5228","targetHints":{"allow":["GET"]}}],"collection":[{"href":"https:\/\/tienda.celea.es\/en\/wp-json\/wp\/v2\/product"}],"about":[{"href":"https:\/\/tienda.celea.es\/en\/wp-json\/wp\/v2\/types\/product"}],"wp:featuredmedia":[{"embeddable":true,"href":"https:\/\/tienda.celea.es\/en\/wp-json\/wp\/v2\/media\/5826"}],"wp:attachment":[{"href":"https:\/\/tienda.celea.es\/en\/wp-json\/wp\/v2\/media?parent=5228"}],"wp:term":[{"taxonomy":"product_cat","embeddable":true,"href":"https:\/\/tienda.celea.es\/en\/wp-json\/wp\/v2\/product_cat?post=5228"},{"taxonomy":"product_tag","embeddable":true,"href":"https:\/\/tienda.celea.es\/en\/wp-json\/wp\/v2\/product_tag?post=5228"}],"curies":[{"name":"wp","href":"https:\/\/api.w.org\/{rel}","templated":true}]}}