{"id":5226,"date":"2021-10-25T09:14:47","date_gmt":"2021-10-25T09:14:47","guid":{"rendered":"https:\/\/tienda.celea.es\/?post_type=product&#038;p=5226"},"modified":"2022-05-22T07:33:11","modified_gmt":"2022-05-22T07:33:11","slug":"althea-body-milk-b-075lts-s-dosif","status":"publish","type":"product","link":"https:\/\/tienda.celea.es\/en\/producto\/althea-body-milk-b-075lts-s-dosif\/","title":{"rendered":"ALTHEA BODY MILK B\/0,75LTS S\/DOSIF."},"content":{"rendered":"<div class=\"face-campo-sup campos-centro\"><span class=\"face-campos-centro\"><strong>Color:<\/strong> <\/span>Blanco<\/div>\n<div class=\"face-campo-sup campos-centro\"><span class=\"face-campos-centro\"><strong>Composici\u00f3n:<\/strong> Aqua, Paraffinum Liquidum, Glycerin, Cetyl Alcohol, Palmitic Acid, Stearic Acid, Glyceryl Stearate, PEG-100 Stearate, Phenoxyethanol, Dimethicone,Parfum, 2-Bromo-2-Nitropropane-1,3-Diol, BHT, Myristic Acid, Acrylates\/C10-30 Alkyl Acrylate Crosspolymer, Tocopheryl Acetate, Myristic Alcohol, Stearyl Alcohol, Sodium Hydroxide, Lauric Acid.<\/span><\/div>\n<div class=\"face-campo-sup campos-centro\"><strong>Formato:<\/strong> 750 ml<\/div>\n<div class=\"face-campo-sup campos-centro\"><span class=\"face-campos-centro\"><strong>Olor:<\/strong> <\/span>Suave nota floral<\/div>\n<div class=\"face-campo-sup campos-centro\"><span class=\"face-campos-centro\"><strong>Aspecto:<\/strong> <\/span>Crema de consistencia ligera<\/div>\n<div class=\"face-campo-sup campos-centro\"><strong><span class=\"face-campos-centro\">Valor pH: <\/span><\/strong>5.75 \u00b1 0,25<\/div>\n<div class=\"face-campo-sup campos-centro\"><span class=\"face-campos-centro\"><strong>Tap\u00f3n:<\/strong> <\/span>Presi\u00f3n<\/div>\n<div class=\"face-campo-sup campos-centro\"><span class=\"face-campos-centro\"><strong>Dosificaci\u00f3n:<\/strong> Aplicar directamente sobre la piel, preferentemente despu\u00e9s de la ducha o el ba\u00f1o. Masajear con movimientos circulares en torso, espalda y abdomen, con movimientos rectil\u00edneos de abajo hacia arriba sobre las piernas y los brazos.<br \/>\n<\/span><\/div>\n","protected":false},"excerpt":{"rendered":"<p>Althea\u00ae Personal Care<br \/>\nSuaviza, nutre e hidrata la piel de forma instant\u00e1nea y continua. Contiene agentes emolientes e hidratantes de alta calidad y Vitamina E que confieren a la emulsi\u00f3n excepcionales propiedades tonificantes y estimulantes para la piel.<\/p>\n","protected":false},"featured_media":5830,"template":"","meta":[],"product_cat":[134],"product_tag":[],"class_list":["post-5226","product","type-product","status-publish","has-post-thumbnail","hentry","product_cat-gama-cosmetica"],"_links":{"self":[{"href":"https:\/\/tienda.celea.es\/en\/wp-json\/wp\/v2\/product\/5226","targetHints":{"allow":["GET"]}}],"collection":[{"href":"https:\/\/tienda.celea.es\/en\/wp-json\/wp\/v2\/product"}],"about":[{"href":"https:\/\/tienda.celea.es\/en\/wp-json\/wp\/v2\/types\/product"}],"wp:featuredmedia":[{"embeddable":true,"href":"https:\/\/tienda.celea.es\/en\/wp-json\/wp\/v2\/media\/5830"}],"wp:attachment":[{"href":"https:\/\/tienda.celea.es\/en\/wp-json\/wp\/v2\/media?parent=5226"}],"wp:term":[{"taxonomy":"product_cat","embeddable":true,"href":"https:\/\/tienda.celea.es\/en\/wp-json\/wp\/v2\/product_cat?post=5226"},{"taxonomy":"product_tag","embeddable":true,"href":"https:\/\/tienda.celea.es\/en\/wp-json\/wp\/v2\/product_tag?post=5226"}],"curies":[{"name":"wp","href":"https:\/\/api.w.org\/{rel}","templated":true}]}}