{"id":5225,"date":"2021-10-25T09:14:47","date_gmt":"2021-10-25T09:14:47","guid":{"rendered":"https:\/\/tienda.celea.es\/?post_type=product&#038;p=5225"},"modified":"2022-05-22T07:32:57","modified_gmt":"2022-05-22T07:32:57","slug":"althea-gel-de-bano-b-075lts","status":"publish","type":"product","link":"https:\/\/tienda.celea.es\/en\/producto\/althea-gel-de-bano-b-075lts\/","title":{"rendered":"ALTHEA GEL DE BA\u00d1O B\/0,75LTS"},"content":{"rendered":"<div class=\"face-campo-sup campos-centro\"><span class=\"face-campos-centro\"><strong>Color:<\/strong> <\/span>Azul<\/div>\n<div class=\"face-campo-sup campos-centro\">\n<p><strong><span class=\"face-campos-centro\"><span class=\"face-campos-centro\">Composici\u00f3n: <\/span><\/span><\/strong>Aqua, Sodium Laureth Sulfate, Sodium Chloride, Cocamidopropyl Betaine, Sodium Benzoate, Glycerin, Potassium Sorbate, Parfum, Tetrasodium Glutamate Diacetate, Citric Acid, Phenoxyethanol, Calcium Sulfate, Calcium Chloride, Potassium Chloride, Magnesium Chloride, Sodium Hydroxide, CI 42090, CI 45350<br \/>\n<strong>Formato:<\/strong> 750 ml<\/p>\n<\/div>\n<div class=\"face-campo-sup campos-centro\"><strong><span class=\"face-campos-centro\">Olor: <\/span><\/strong>Floral fresco<\/div>\n<div class=\"face-campo-sup campos-centro\"><span class=\"face-campos-centro\"><strong>Aspecto:<\/strong> <\/span>Liquido<\/div>\n<div class=\"face-campo-sup campos-centro\"><span class=\"face-campos-centro\"><strong>Valor pH:<\/strong> <\/span>5.5 \u2013 6<\/div>\n<div class=\"face-campo-sup campos-centro\"><span class=\"face-campos-centro\"><strong>Tap\u00f3n:<\/strong> <\/span>Presi\u00f3n<\/div>\n<div class=\"face-campo-sup campos-centro\"><strong><span class=\"face-campos-centro\"><span class=\"face-campos-centro\">Dosificaci\u00f3n: <\/span><\/span><\/strong>Dosificar directamente una peque\u00f1a cantidad sobre la mano y frotar suavemente. Puede aplicarse tambi\u00e9n sobre una esponja o diluirse en agua para su aplicaci\u00f3n. Una vez terminado el lavado aclarar con agua.<\/div>\n","protected":false},"excerpt":{"rendered":"<p>Althea\u00ae Personal Care<br \/>\nGel dermatol\u00f3gico para el aseo corporal diario de todo tipo de pieles. Ideal para una higiene eficaz y emoliente en lavados de manos con alta frecuencia.<\/p>\n","protected":false},"featured_media":5824,"template":"","meta":[],"product_cat":[134],"product_tag":[],"class_list":["post-5225","product","type-product","status-publish","has-post-thumbnail","hentry","product_cat-gama-cosmetica"],"_links":{"self":[{"href":"https:\/\/tienda.celea.es\/en\/wp-json\/wp\/v2\/product\/5225","targetHints":{"allow":["GET"]}}],"collection":[{"href":"https:\/\/tienda.celea.es\/en\/wp-json\/wp\/v2\/product"}],"about":[{"href":"https:\/\/tienda.celea.es\/en\/wp-json\/wp\/v2\/types\/product"}],"wp:featuredmedia":[{"embeddable":true,"href":"https:\/\/tienda.celea.es\/en\/wp-json\/wp\/v2\/media\/5824"}],"wp:attachment":[{"href":"https:\/\/tienda.celea.es\/en\/wp-json\/wp\/v2\/media?parent=5225"}],"wp:term":[{"taxonomy":"product_cat","embeddable":true,"href":"https:\/\/tienda.celea.es\/en\/wp-json\/wp\/v2\/product_cat?post=5225"},{"taxonomy":"product_tag","embeddable":true,"href":"https:\/\/tienda.celea.es\/en\/wp-json\/wp\/v2\/product_tag?post=5225"}],"curies":[{"name":"wp","href":"https:\/\/api.w.org\/{rel}","templated":true}]}}