{"id":5213,"date":"2021-10-25T09:14:40","date_gmt":"2021-10-25T09:14:40","guid":{"rendered":"https:\/\/tienda.celea.es\/?post_type=product&#038;p=5213"},"modified":"2023-03-04T23:32:07","modified_gmt":"2023-03-04T23:32:07","slug":"fregona-tiras-amarillas-130-gr","status":"publish","type":"product","link":"https:\/\/tienda.celea.es\/en\/producto\/fregona-tiras-amarillas-130-gr\/","title":{"rendered":"Fregona Tiras Amarillas 130 gr"},"content":{"rendered":"<div class=\"face-campo-sup campos-centro\"><span class=\"face-campos-centro\"><strong>Color:<\/strong> <\/span>Amarilla<\/div>\n<div class=\"face-campo-sup campos-centro\"><strong><span class=\"face-campos-centro\">Composici\u00f3n: <\/span><\/strong>80% Viscosa y 20% Poli\u00e9ster<\/div>\n<div class=\"face-campo-sup campos-centro\"><strong>Formato:<\/strong> 1 unidad<\/div>\n<div class=\"face-campo-sup campos-centro\"><span class=\"face-campos-centro\"><strong>Peso:<\/strong> <\/span>130 gr<\/div>\n<div class=\"face-campo-sup campos-centro\"><strong><span class=\"face-campos-centro\">Dimensiones: <\/span><\/strong>34 cm<\/div>\n","protected":false},"excerpt":{"rendered":"<p>Celea\u00ae Creamos Higiene<br \/>\nFregona de gran suavidad para superficies delicadas con gran capacidad de absorci\u00f3n y eliminaci\u00f3n de l\u00edquidos.<\/p>\n","protected":false},"featured_media":5979,"template":"","meta":[],"product_cat":[129],"product_tag":[],"class_list":["post-5213","product","type-product","status-publish","has-post-thumbnail","hentry","product_cat-tiras"],"_links":{"self":[{"href":"https:\/\/tienda.celea.es\/en\/wp-json\/wp\/v2\/product\/5213","targetHints":{"allow":["GET"]}}],"collection":[{"href":"https:\/\/tienda.celea.es\/en\/wp-json\/wp\/v2\/product"}],"about":[{"href":"https:\/\/tienda.celea.es\/en\/wp-json\/wp\/v2\/types\/product"}],"wp:featuredmedia":[{"embeddable":true,"href":"https:\/\/tienda.celea.es\/en\/wp-json\/wp\/v2\/media\/5979"}],"wp:attachment":[{"href":"https:\/\/tienda.celea.es\/en\/wp-json\/wp\/v2\/media?parent=5213"}],"wp:term":[{"taxonomy":"product_cat","embeddable":true,"href":"https:\/\/tienda.celea.es\/en\/wp-json\/wp\/v2\/product_cat?post=5213"},{"taxonomy":"product_tag","embeddable":true,"href":"https:\/\/tienda.celea.es\/en\/wp-json\/wp\/v2\/product_tag?post=5213"}],"curies":[{"name":"wp","href":"https:\/\/api.w.org\/{rel}","templated":true}]}}