{"id":5212,"date":"2021-10-25T09:14:40","date_gmt":"2021-10-25T09:14:40","guid":{"rendered":"https:\/\/tienda.celea.es\/?post_type=product&#038;p=5212"},"modified":"2023-03-04T23:31:54","modified_gmt":"2023-03-04T23:31:54","slug":"fregona-hilo-trenzado-microfibra-azul-158-gr","status":"publish","type":"product","link":"https:\/\/tienda.celea.es\/en\/producto\/fregona-hilo-trenzado-microfibra-azul-158-gr\/","title":{"rendered":"Fregona Hilo Trenzado Microfibra  Azul 158 gr"},"content":{"rendered":"<div class=\"face-campo-sup campos-centro\"><span class=\"face-campos-centro\"><strong>Color:<\/strong> <\/span>Azul-Blanco<\/div>\n<div class=\"face-campo-sup campos-centro\"><span class=\"face-campos-centro\"><strong>Composici\u00f3n:<\/strong> <\/span>100% Poli\u00e9ster Microfibras<\/div>\n<div class=\"face-campo-sup campos-centro\"><strong>Formato:<\/strong> 1 unidad<\/div>\n<div class=\"face-campo-sup campos-centro\"><strong><span class=\"face-campos-centro\">Peso: <\/span><\/strong>158 gr<\/div>\n<div class=\"face-campo-sup campos-centro\"><span class=\"face-campos-centro\"><strong>Dimensiones:<\/strong> <\/span>30 cm<\/div>\n","protected":false},"excerpt":{"rendered":"<p>Celea\u00ae Creamos Higiene<br \/>\nFregona con mayor capacidad de absorci\u00f3n y duraci\u00f3n que una fregona de algod\u00f3n. Microfibras para mayor capacidad limpiadora y liberaci\u00f3n de l\u00edquidos m\u00e1s eficazmente. Colores: Blanco &#8211; Azul<\/p>\n","protected":false},"featured_media":5462,"template":"","meta":[],"product_cat":[128],"product_tag":[],"class_list":["post-5212","product","type-product","status-publish","has-post-thumbnail","hentry","product_cat-microfibras"],"_links":{"self":[{"href":"https:\/\/tienda.celea.es\/en\/wp-json\/wp\/v2\/product\/5212","targetHints":{"allow":["GET"]}}],"collection":[{"href":"https:\/\/tienda.celea.es\/en\/wp-json\/wp\/v2\/product"}],"about":[{"href":"https:\/\/tienda.celea.es\/en\/wp-json\/wp\/v2\/types\/product"}],"wp:featuredmedia":[{"embeddable":true,"href":"https:\/\/tienda.celea.es\/en\/wp-json\/wp\/v2\/media\/5462"}],"wp:attachment":[{"href":"https:\/\/tienda.celea.es\/en\/wp-json\/wp\/v2\/media?parent=5212"}],"wp:term":[{"taxonomy":"product_cat","embeddable":true,"href":"https:\/\/tienda.celea.es\/en\/wp-json\/wp\/v2\/product_cat?post=5212"},{"taxonomy":"product_tag","embeddable":true,"href":"https:\/\/tienda.celea.es\/en\/wp-json\/wp\/v2\/product_tag?post=5212"}],"curies":[{"name":"wp","href":"https:\/\/api.w.org\/{rel}","templated":true}]}}