{"id":5211,"date":"2021-10-25T09:14:40","date_gmt":"2021-10-25T09:14:40","guid":{"rendered":"https:\/\/tienda.celea.es\/?post_type=product&#038;p=5211"},"modified":"2023-03-04T23:31:37","modified_gmt":"2023-03-04T23:31:37","slug":"fregona-hilo-microfibra-cortado-blanco","status":"publish","type":"product","link":"https:\/\/tienda.celea.es\/en\/producto\/fregona-hilo-microfibra-cortado-blanco\/","title":{"rendered":"Fregona Hilo Microfibra Cortado Blanco."},"content":{"rendered":"<div class=\"face-campo-sup campos-centro\"><strong><span class=\"face-campos-centro\">Color: <\/span><\/strong>Blanco<\/div>\n<div class=\"face-campo-sup campos-centro\"><strong><span class=\"face-campos-centro\">Composici\u00f3n: <\/span><\/strong>Microfibra de poli\u00e9ster<\/div>\n<div class=\"face-campo-sup campos-centro\"><strong>Formato:<\/strong> 1 unidad<\/div>\n<div class=\"face-campo-sup campos-centro\"><span class=\"face-campos-centro\"><strong>Peso:<\/strong> <\/span>140 gr<\/div>\n<div class=\"face-campo-sup campos-centro\"><strong><span class=\"face-campos-centro\">Dimensiones: <\/span><\/strong>33 cm<\/div>\n","protected":false},"excerpt":{"rendered":"<p>Celea\u00ae Creamos Higiene<br \/>\nPara el uso en fregado de suelos no rugosos. Muy absorbente. Limpieza ligeramente h\u00fameda. No utilizar con Productos Qu\u00edmicos muy agresivos pues puede da\u00f1ar la micro estructura de la fibra y disminuir su vida \u00fatil.<\/p>\n","protected":false},"featured_media":5975,"template":"","meta":[],"product_cat":[128],"product_tag":[],"class_list":["post-5211","product","type-product","status-publish","has-post-thumbnail","hentry","product_cat-microfibras"],"_links":{"self":[{"href":"https:\/\/tienda.celea.es\/en\/wp-json\/wp\/v2\/product\/5211","targetHints":{"allow":["GET"]}}],"collection":[{"href":"https:\/\/tienda.celea.es\/en\/wp-json\/wp\/v2\/product"}],"about":[{"href":"https:\/\/tienda.celea.es\/en\/wp-json\/wp\/v2\/types\/product"}],"wp:featuredmedia":[{"embeddable":true,"href":"https:\/\/tienda.celea.es\/en\/wp-json\/wp\/v2\/media\/5975"}],"wp:attachment":[{"href":"https:\/\/tienda.celea.es\/en\/wp-json\/wp\/v2\/media?parent=5211"}],"wp:term":[{"taxonomy":"product_cat","embeddable":true,"href":"https:\/\/tienda.celea.es\/en\/wp-json\/wp\/v2\/product_cat?post=5211"},{"taxonomy":"product_tag","embeddable":true,"href":"https:\/\/tienda.celea.es\/en\/wp-json\/wp\/v2\/product_tag?post=5211"}],"curies":[{"name":"wp","href":"https:\/\/api.w.org\/{rel}","templated":true}]}}