{"id":5210,"date":"2021-10-25T09:14:39","date_gmt":"2021-10-25T09:14:39","guid":{"rendered":"https:\/\/tienda.celea.es\/?post_type=product&#038;p=5210"},"modified":"2023-03-04T23:34:20","modified_gmt":"2023-03-04T23:34:20","slug":"fregona-hilo-micro-cotton-negra","status":"publish","type":"product","link":"https:\/\/tienda.celea.es\/en\/producto\/fregona-hilo-micro-cotton-negra\/","title":{"rendered":"Fregona Hilo Micro &#8211; Cotton Negra"},"content":{"rendered":"<div class=\"face-campo-sup campos-centro\"><strong><span class=\"face-campos-centro\">Color: <\/span><\/strong>Negro<\/div>\n<div class=\"face-campo-sup campos-centro\"><span class=\"face-campos-centro\"><strong>Composici\u00f3n:<\/strong> Microfibra de poli\u00e9ster\/algod\u00f3n<\/span><\/div>\n<div class=\"face-campo-sup campos-centro\"><b>Formato:\u00a0<\/b>1 unidad<br \/>\n<strong>Peso:<\/strong> 180gr<\/div>\n<div class=\"face-campo-sup campos-centro\"><\/div>\n","protected":false},"excerpt":{"rendered":"<p>Celea\u00ae Creamos Higiene<br \/>\nIdeal para el fregado de suelos no rugosos. Muy absorbente. No usar con productos qu\u00edmicos muy agresivos puesto que se puede da\u00f1ar la estructura de la fibra y reducir la vida \u00fatil del producto. Color Negro.<\/p>\n","protected":false},"featured_media":5464,"template":"","meta":[],"product_cat":[128],"product_tag":[],"class_list":["post-5210","product","type-product","status-publish","has-post-thumbnail","hentry","product_cat-microfibras"],"_links":{"self":[{"href":"https:\/\/tienda.celea.es\/en\/wp-json\/wp\/v2\/product\/5210","targetHints":{"allow":["GET"]}}],"collection":[{"href":"https:\/\/tienda.celea.es\/en\/wp-json\/wp\/v2\/product"}],"about":[{"href":"https:\/\/tienda.celea.es\/en\/wp-json\/wp\/v2\/types\/product"}],"wp:featuredmedia":[{"embeddable":true,"href":"https:\/\/tienda.celea.es\/en\/wp-json\/wp\/v2\/media\/5464"}],"wp:attachment":[{"href":"https:\/\/tienda.celea.es\/en\/wp-json\/wp\/v2\/media?parent=5210"}],"wp:term":[{"taxonomy":"product_cat","embeddable":true,"href":"https:\/\/tienda.celea.es\/en\/wp-json\/wp\/v2\/product_cat?post=5210"},{"taxonomy":"product_tag","embeddable":true,"href":"https:\/\/tienda.celea.es\/en\/wp-json\/wp\/v2\/product_tag?post=5210"}],"curies":[{"name":"wp","href":"https:\/\/api.w.org\/{rel}","templated":true}]}}