{"id":5198,"date":"2021-10-25T09:14:38","date_gmt":"2021-10-25T09:14:38","guid":{"rendered":"https:\/\/tienda.celea.es\/?post_type=product&#038;p=5198"},"modified":"2023-03-04T23:29:21","modified_gmt":"2023-03-04T23:29:21","slug":"salvaunas-amarillo-fibra-verde-extra-celea-pack-6","status":"publish","type":"product","link":"https:\/\/tienda.celea.es\/en\/producto\/salvaunas-amarillo-fibra-verde-extra-celea-pack-6\/","title":{"rendered":"Salvau\u00f1as Amarillo + Fibra Verde EXTRA CELEA. Pack-6"},"content":{"rendered":"<div class=\"face-campo-sup campos-centro\"><strong><span class=\"face-campos-centro\">Color: <\/span><\/strong>Verde-amarillo<\/div>\n<div class=\"face-campo-sup campos-centro\"><strong><span class=\"face-campos-centro\">Composici\u00f3n: <\/span><\/strong>Nylon, poli\u00e9ster y otros.<\/div>\n<div class=\"face-campo-sup campos-centro\"><strong>Formato:<\/strong> Paquete de 6 unidades<\/div>\n<div class=\"face-campo-sup campos-centro\"><strong><span class=\"face-campos-centro\">Dimensiones:<\/span>\u00a0<\/strong>7 x 14 cm<\/div>\n","protected":false},"excerpt":{"rendered":"<p>Celea\u00ae Creamos Higiene<br \/>\nEspecial para limpieza de: cocinas, quemadores, suelos, cristales, etc. y en general para limpiezas dif\u00edciles. Es resistente, duradero y con gran poder de abrasi\u00f3n. La fibra limpia las superficies d\u00edficiles y la esponja limpia y seca, enjuagar y limpiar despu\u00e9s de cada uso.<\/p>\n","protected":false},"featured_media":5430,"template":"","meta":[],"product_cat":[123],"product_tag":[],"class_list":["post-5198","product","type-product","status-publish","has-post-thumbnail","hentry","product_cat-estropajos-con-esponja-y-salvaunas"],"_links":{"self":[{"href":"https:\/\/tienda.celea.es\/en\/wp-json\/wp\/v2\/product\/5198","targetHints":{"allow":["GET"]}}],"collection":[{"href":"https:\/\/tienda.celea.es\/en\/wp-json\/wp\/v2\/product"}],"about":[{"href":"https:\/\/tienda.celea.es\/en\/wp-json\/wp\/v2\/types\/product"}],"wp:featuredmedia":[{"embeddable":true,"href":"https:\/\/tienda.celea.es\/en\/wp-json\/wp\/v2\/media\/5430"}],"wp:attachment":[{"href":"https:\/\/tienda.celea.es\/en\/wp-json\/wp\/v2\/media?parent=5198"}],"wp:term":[{"taxonomy":"product_cat","embeddable":true,"href":"https:\/\/tienda.celea.es\/en\/wp-json\/wp\/v2\/product_cat?post=5198"},{"taxonomy":"product_tag","embeddable":true,"href":"https:\/\/tienda.celea.es\/en\/wp-json\/wp\/v2\/product_tag?post=5198"}],"curies":[{"name":"wp","href":"https:\/\/api.w.org\/{rel}","templated":true}]}}