{"id":5197,"date":"2021-10-25T09:14:38","date_gmt":"2021-10-25T09:14:38","guid":{"rendered":"https:\/\/tienda.celea.es\/?post_type=product&#038;p=5197"},"modified":"2023-03-04T23:27:39","modified_gmt":"2023-03-04T23:27:39","slug":"rollo-bayeta-gamuza-cristales-040x4-mts","status":"publish","type":"product","link":"https:\/\/tienda.celea.es\/en\/producto\/rollo-bayeta-gamuza-cristales-040x4-mts\/","title":{"rendered":"ROLLO BAYETA-GAMUZA CRISTALES 0,40&#215;4 mts"},"content":{"rendered":"<div class=\"face-campo-sup campos-centro\"><span class=\"face-campos-centro\"><strong>Color:<\/strong> <\/span>Beige<\/div>\n<div class=\"face-campo-sup campos-centro\"><span class=\"face-campos-centro\"><strong>Composici\u00f3n:<\/strong> <\/span>Viscosa 60%, Resinas sint\u00e9ticas 40%<\/div>\n<div class=\"face-campo-sup campos-centro\"><strong>Formato:<\/strong> 1 rollo<\/div>\n<div class=\"face-campo-sup campos-centro\"><span class=\"face-campos-centro\"><strong>Capacidad:<\/strong> <\/span>Absorbe 32 veces su peso<\/div>\n<div class=\"face-campo-sup campos-centro\"><span class=\"face-campos-centro\"><strong>Dimensiones<\/strong> <strong>: <\/strong><\/span>0,4m x 4m<\/div>\n","protected":false},"excerpt":{"rendered":"<p>Celea\u00ae Creamos Higiene<br \/>\nEspecial para limpieza de: sanitarios, cocina, vitrocer\u00e1micas, cristales, espejos, material de oficina, ordenadores, suelos, paredes, techos, puertas y autom\u00f3viles. Puede lavarse a mano o a m\u00e1quina. Muy resistente y absorbente. No apelmaza ni se queda pegada tras usarla.<\/p>\n","protected":false},"featured_media":5426,"template":"","meta":[],"product_cat":[121],"product_tag":[],"class_list":["post-5197","product","type-product","status-publish","has-post-thumbnail","hentry","product_cat-bayetas-para-cristales"],"_links":{"self":[{"href":"https:\/\/tienda.celea.es\/en\/wp-json\/wp\/v2\/product\/5197","targetHints":{"allow":["GET"]}}],"collection":[{"href":"https:\/\/tienda.celea.es\/en\/wp-json\/wp\/v2\/product"}],"about":[{"href":"https:\/\/tienda.celea.es\/en\/wp-json\/wp\/v2\/types\/product"}],"wp:featuredmedia":[{"embeddable":true,"href":"https:\/\/tienda.celea.es\/en\/wp-json\/wp\/v2\/media\/5426"}],"wp:attachment":[{"href":"https:\/\/tienda.celea.es\/en\/wp-json\/wp\/v2\/media?parent=5197"}],"wp:term":[{"taxonomy":"product_cat","embeddable":true,"href":"https:\/\/tienda.celea.es\/en\/wp-json\/wp\/v2\/product_cat?post=5197"},{"taxonomy":"product_tag","embeddable":true,"href":"https:\/\/tienda.celea.es\/en\/wp-json\/wp\/v2\/product_tag?post=5197"}],"curies":[{"name":"wp","href":"https:\/\/api.w.org\/{rel}","templated":true}]}}