{"id":5195,"date":"2021-10-25T09:14:38","date_gmt":"2021-10-25T09:14:38","guid":{"rendered":"https:\/\/tienda.celea.es\/?post_type=product&#038;p=5195"},"modified":"2023-03-04T23:27:10","modified_gmt":"2023-03-04T23:27:10","slug":"bayeta-de-microfibra-wonder-celea-pack-6-varios-colores","status":"publish","type":"product","link":"https:\/\/tienda.celea.es\/en\/producto\/bayeta-de-microfibra-wonder-celea-pack-6-varios-colores\/","title":{"rendered":"Bayeta de Microfibra WONDER CELEA. Pack-6. Varios colores."},"content":{"rendered":"<div class=\"face-campo-sup campos-centro\"><span class=\"face-campos-centro\"><strong>Color: <\/strong>Azul claro, rosa fuerte, verde y amarillo<\/span><\/div>\n<div class=\"face-campo-sup campos-centro\"><strong><span class=\"face-campos-centro\">Composici\u00f3n: <\/span><\/strong>100% Microfibra (80% Poli\u00e9ster y 20% poliamida)<\/div>\n<div class=\"face-campo-sup campos-centro\"><strong>Formato:<\/strong> Paquete de 6 unidades<\/div>\n<div class=\"face-campo-sup campos-centro\"><span class=\"face-campos-centro\"><strong>Peso:<\/strong> <\/span>315gr\/m\u00b2<\/div>\n<div class=\"face-campo-sup campos-centro\"><strong><span class=\"face-campos-centro\">Dimensiones: <\/span><\/strong>40 x 30cm<\/div>\n","protected":false},"excerpt":{"rendered":"<p>Celea\u00ae Creamos Higiene<br \/>\nNo necesita productos qu\u00edmicos ya que limpia perfectamente s\u00f3lo con agua. Muy absorbente. Especial para limpieza de grasas, cristales, espejos, sanitarios, cocina, vitrocer\u00e1micas, material de oficina, ordenadores, suelos, paredes y techos, puertas, autom\u00f3viles.<\/p>\n","protected":false},"featured_media":6000,"template":"","meta":[],"product_cat":[120],"product_tag":[],"class_list":["post-5195","product","type-product","status-publish","has-post-thumbnail","hentry","product_cat-bayetas-de-microfibras"],"_links":{"self":[{"href":"https:\/\/tienda.celea.es\/en\/wp-json\/wp\/v2\/product\/5195","targetHints":{"allow":["GET"]}}],"collection":[{"href":"https:\/\/tienda.celea.es\/en\/wp-json\/wp\/v2\/product"}],"about":[{"href":"https:\/\/tienda.celea.es\/en\/wp-json\/wp\/v2\/types\/product"}],"wp:featuredmedia":[{"embeddable":true,"href":"https:\/\/tienda.celea.es\/en\/wp-json\/wp\/v2\/media\/6000"}],"wp:attachment":[{"href":"https:\/\/tienda.celea.es\/en\/wp-json\/wp\/v2\/media?parent=5195"}],"wp:term":[{"taxonomy":"product_cat","embeddable":true,"href":"https:\/\/tienda.celea.es\/en\/wp-json\/wp\/v2\/product_cat?post=5195"},{"taxonomy":"product_tag","embeddable":true,"href":"https:\/\/tienda.celea.es\/en\/wp-json\/wp\/v2\/product_tag?post=5195"}],"curies":[{"name":"wp","href":"https:\/\/api.w.org\/{rel}","templated":true}]}}