{"id":5194,"date":"2021-10-25T09:14:38","date_gmt":"2021-10-25T09:14:38","guid":{"rendered":"https:\/\/tienda.celea.es\/?post_type=product&#038;p=5194"},"modified":"2023-03-04T23:26:53","modified_gmt":"2023-03-04T23:26:53","slug":"rollo-bayeta-cruces-universal-6-m","status":"publish","type":"product","link":"https:\/\/tienda.celea.es\/en\/producto\/rollo-bayeta-cruces-universal-6-m\/","title":{"rendered":"Rollo Bayeta CRUCES UNIVERSAL  6 m"},"content":{"rendered":"<div class=\"face-campo-sup campos-centro\"><span class=\"face-campos-centro\"><strong>Color:<\/strong> <\/span>Verde y blanco<\/div>\n<div class=\"face-campo-sup campos-centro\"><span class=\"face-campos-centro\"><strong>Composici\u00f3n:<\/strong> <\/span>Viscosa 60%, polipropileno 20%, poli\u00e9ster 20%<\/div>\n<div class=\"face-campo-sup campos-centro\"><strong>Formato:<\/strong> 1 rollo<\/div>\n<div class=\"face-campo-sup campos-centro\"><strong><span class=\"face-campos-centro\">Capacidad: <\/span><\/strong>Absorbe 100 veces su peso<\/div>\n<div class=\"face-campo-sup campos-centro\"><strong><span class=\"face-campos-centro\">Dimensiones: <\/span><\/strong>6 m x 38 cm<\/div>\n","protected":false},"excerpt":{"rendered":"<p>Celea\u00ae Creamos Higiene<br \/>\nEspecial para limpieza de: sanitarios, cocina, vitrocer\u00e1micas, cristales, espejos, material de oficina, ordenadores, suelos, paredes, techos, puertas y autom\u00f3viles. Puede lavarse a mano o a m\u00e1quina. Muy resistente y absorbente.<\/p>\n","protected":false},"featured_media":5442,"template":"","meta":[],"product_cat":[119],"product_tag":[],"class_list":["post-5194","product","type-product","status-publish","has-post-thumbnail","hentry","product_cat-bayetas-absorbentes-multiusos"],"_links":{"self":[{"href":"https:\/\/tienda.celea.es\/en\/wp-json\/wp\/v2\/product\/5194","targetHints":{"allow":["GET"]}}],"collection":[{"href":"https:\/\/tienda.celea.es\/en\/wp-json\/wp\/v2\/product"}],"about":[{"href":"https:\/\/tienda.celea.es\/en\/wp-json\/wp\/v2\/types\/product"}],"wp:featuredmedia":[{"embeddable":true,"href":"https:\/\/tienda.celea.es\/en\/wp-json\/wp\/v2\/media\/5442"}],"wp:attachment":[{"href":"https:\/\/tienda.celea.es\/en\/wp-json\/wp\/v2\/media?parent=5194"}],"wp:term":[{"taxonomy":"product_cat","embeddable":true,"href":"https:\/\/tienda.celea.es\/en\/wp-json\/wp\/v2\/product_cat?post=5194"},{"taxonomy":"product_tag","embeddable":true,"href":"https:\/\/tienda.celea.es\/en\/wp-json\/wp\/v2\/product_tag?post=5194"}],"curies":[{"name":"wp","href":"https:\/\/api.w.org\/{rel}","templated":true}]}}