{"id":5192,"date":"2021-10-25T09:14:37","date_gmt":"2021-10-25T09:14:37","guid":{"rendered":"https:\/\/tienda.celea.es\/?post_type=product&#038;p=5192"},"modified":"2023-03-04T23:28:00","modified_gmt":"2023-03-04T23:28:00","slug":"bayeta-multisoft-multiuso-celea-varios-colores-pack-10","status":"publish","type":"product","link":"https:\/\/tienda.celea.es\/en\/producto\/bayeta-multisoft-multiuso-celea-varios-colores-pack-10\/","title":{"rendered":"Bayeta MULTISOFT Multiuso CELEA Varios colores. Pack-10"},"content":{"rendered":"<p><strong>Color:<\/strong> Amarillo, rosa, verde, azul.<br \/>\n<span class=\"face-campos-centro\"><strong>Composici\u00f3n:<\/strong> <\/span>Viscosa 80%, poli\u00e9ster 20%<br \/>\n<strong>Formato:<\/strong> 1 paquete de 10 unidades<br \/>\n<span class=\"face-campos-centro\"><strong>Capacidad:<\/strong> <\/span>Absorbe 80 veces su peso<br \/>\n<span class=\"face-campos-centro\"><strong>Dimensiones:<\/strong> <\/span>40cm x 36cm<\/p>\n","protected":false},"excerpt":{"rendered":"<p>Celea\u00ae Creamos Higiene<br \/>\nEspecial para limpieza de sanitarios: cocina vitrocer\u00e1micas, cristales, espejos, material de oficina, ordenadores, suelos, paredes, techos, puertas y autom\u00f3viles. Puede lavarse a mano o a m\u00e1quina.<\/p>\n","protected":false},"featured_media":5440,"template":"","meta":[],"product_cat":[119],"product_tag":[],"class_list":["post-5192","product","type-product","status-publish","has-post-thumbnail","hentry","product_cat-bayetas-absorbentes-multiusos"],"_links":{"self":[{"href":"https:\/\/tienda.celea.es\/en\/wp-json\/wp\/v2\/product\/5192","targetHints":{"allow":["GET"]}}],"collection":[{"href":"https:\/\/tienda.celea.es\/en\/wp-json\/wp\/v2\/product"}],"about":[{"href":"https:\/\/tienda.celea.es\/en\/wp-json\/wp\/v2\/types\/product"}],"wp:featuredmedia":[{"embeddable":true,"href":"https:\/\/tienda.celea.es\/en\/wp-json\/wp\/v2\/media\/5440"}],"wp:attachment":[{"href":"https:\/\/tienda.celea.es\/en\/wp-json\/wp\/v2\/media?parent=5192"}],"wp:term":[{"taxonomy":"product_cat","embeddable":true,"href":"https:\/\/tienda.celea.es\/en\/wp-json\/wp\/v2\/product_cat?post=5192"},{"taxonomy":"product_tag","embeddable":true,"href":"https:\/\/tienda.celea.es\/en\/wp-json\/wp\/v2\/product_tag?post=5192"}],"curies":[{"name":"wp","href":"https:\/\/api.w.org\/{rel}","templated":true}]}}